{"id":24129,"date":"2025-12-18T21:39:03","date_gmt":"2025-12-18T20:39:03","guid":{"rendered":"https:\/\/www.bauer-diagnostics.de\/declinarea-responsabilitatii\/"},"modified":"2026-01-15T10:00:11","modified_gmt":"2026-01-15T09:00:11","slug":"declinarea-responsabilitatii","status":"publish","type":"page","link":"https:\/\/www.bauer-diagnostics.com\/ro\/declinarea-responsabilitatii\/","title":{"rendered":"Declinarea responsabilit\u0103\u021bii"},"content":{"rendered":"\t\t<div data-elementor-type=\"wp-post\" data-elementor-id=\"24129\" class=\"elementor elementor-24129 elementor-23582\" data-elementor-post-type=\"page\">\n\t\t\t\t\t\t<section class=\"elementor-section elementor-top-section elementor-element elementor-element-1a91f3f elementor-section-height-min-height elementor-section-boxed elementor-section-height-default elementor-section-items-middle\" data-id=\"1a91f3f\" data-element_type=\"section\" data-e-type=\"section\" data-settings=\"{&quot;jet_parallax_layout_list&quot;:[],&quot;background_background&quot;:&quot;classic&quot;}\">\n\t\t\t\t\t\t\t<div class=\"elementor-background-overlay\"><\/div>\n\t\t\t\t\t\t\t<div class=\"elementor-container elementor-column-gap-default\">\n\t\t\t\t\t<div class=\"elementor-column elementor-col-100 elementor-top-column elementor-element elementor-element-d9c2f78\" data-id=\"d9c2f78\" data-element_type=\"column\" data-e-type=\"column\" data-settings=\"{&quot;background_background&quot;:&quot;classic&quot;}\">\n\t\t\t<div class=\"elementor-widget-wrap elementor-element-populated\">\n\t\t\t\t\t\t<div class=\"elementor-element elementor-element-5a277de elementor-widget elementor-widget-heading\" data-id=\"5a277de\" data-element_type=\"widget\" data-e-type=\"widget\" data-widget_type=\"heading.default\">\n\t\t\t\t<div class=\"elementor-widget-container\">\n\t\t\t\t\t<h1 class=\"elementor-heading-title elementor-size-default\"><span style=\"color: #Ff6600\">Declinarea responsabilit\u0103\u021bii<\/span> <\/h1>\t\t\t\t<\/div>\n\t\t\t\t<\/div>\n\t\t\t\t\t<\/div>\n\t\t<\/div>\n\t\t\t\t\t<\/div>\n\t\t<\/section>\n\t\t\t\t<section class=\"elementor-section elementor-top-section elementor-element elementor-element-0aefb81 elementor-section-boxed elementor-section-height-default elementor-section-height-default\" data-id=\"0aefb81\" data-element_type=\"section\" data-e-type=\"section\" data-settings=\"{&quot;jet_parallax_layout_list&quot;:[],&quot;background_background&quot;:&quot;classic&quot;}\">\n\t\t\t\t\t\t<div class=\"elementor-container elementor-column-gap-default\">\n\t\t\t\t\t<div class=\"elementor-column elementor-col-100 elementor-top-column elementor-element elementor-element-79edbcb\" data-id=\"79edbcb\" data-element_type=\"column\" data-e-type=\"column\">\n\t\t\t<div class=\"elementor-widget-wrap elementor-element-populated\">\n\t\t\t\t\t\t<div class=\"elementor-element elementor-element-c34fcc3 elementor-widget elementor-widget-shortcode\" data-id=\"c34fcc3\" data-element_type=\"widget\" data-e-type=\"widget\" data-widget_type=\"shortcode.default\">\n\t\t\t\t<div class=\"elementor-widget-container\">\n\t\t\t\t\t\t\t<div class=\"elementor-shortcode\">\n<!-- Legal document generated by Complianz | GDPR\/CCPA Cookie Consent https:\/\/wordpress.org\/plugins\/complianz-gdpr -->\n<div id=\"cmplz-document\" class=\"cmplz-document disclaimer cmplz-document-all\"><p>Bauer diagnostics Dr. med. Ferdinand Bauer se angajeaz\u0103 s\u0103 men\u021bin\u0103 acest site actualizat \u0219i cu informa\u021bii corecte. Dac\u0103, totu\u0219i, \u00eent\u00e2mpini ceva incorect sau dep\u0103\u0219it, am aprecia dac\u0103 ne-ai putea informa. Te rug\u0103m s\u0103 indici unde anume pe site ai citit informa\u021biile. Vom analiza acest lucru c\u00e2t mai cur\u00e2nd posibil. Te rug\u0103m s\u0103 trimi\u021bi r\u0103spunsul t\u0103u prin e-mail la: <span class=\"cmplz-obfuscate\">ferd&#105;na&#110;d&#046;bau&#101;&#114;@<span class=\"cmplz-fmail-domain\">e&#120;&#046;com<\/span>baue&#114;&#045;di&#097;&#103;no&#115;&#116;ic&#115;&#046;&#099;&#111;&#109;<\/span>.<\/p><p>Nu suntem r\u0103spunz\u0103tori pentru pierderile rezultate din inexactit\u0103\u021bi sau din informa\u021bii ncomplete \u0219i nici pentru pierderile rezultate din probleme cauzate sau inerente disemin\u0103rii informa\u021biilor prin internet, cum ar fi perturb\u0103rile sau \u00eentreruperile. C\u00e2nd folosim formulare web, ne str\u0103duim s\u0103 limit\u0103m num\u0103rul de c\u00e2mpuri obligatorii la minimum. Pentru orice pierdere suferit\u0103 ca urmare a utiliz\u0103rii datelor, sfaturilor sau ideilor furnizate de sau \u00een numele Bauer diagnostics Dr. med. Ferdinand Bauer prin intermediul acestui site, Bauer diagnostics Dr. med. Ferdinand Bauer nu \u00ee\u0219i asum\u0103 nicio r\u0103spundere.<\/p><p>Toate drepturile de proprietate intelectual\u0103 asupra con\u021binutului de pe acest site web apar\u021bin %s sau ter\u021bilor care au plasat con\u021binutul ei \u00een\u0219i\u0219i sau de la care %s a ob\u021binut o licen\u021b\u0103 de utilizator.<\/p><p>Bauer diagnostics Dr. med. Ferdinand Bauer nu \u00ee\u0219i asum\u0103 nicio responsabilitate pentru con\u021binutul site-urilor c\u0103tre care sau de la care se face o leg\u0103tur\u0103 ori o alt\u0103 referin\u021b\u0103. Produsele sau serviciile oferite de ter\u021bi vor fi supuse termenilor \u0219i condi\u021biilor aplicabile ale acelor ter\u021be p\u0103r\u021bi.<\/p><p>Toate drepturile de proprietate intelectual\u0103 asupra con\u021binutului de pe acest site web apar\u021bin Bauer diagnostics Dr. med. Ferdinand Bauer.<\/p><p>Copierea, diseminarea \u0219i orice alt\u0103 utilizare a acestor materiale nu este permis\u0103 f\u0103r\u0103 permisiunea scris\u0103 a Bauer diagnostics Dr. med. Ferdinand Bauer, cu excep\u021bia \u0219i numai \u00een m\u0103sura \u00een care se stipuleaz\u0103 altfel \u00een reglement\u0103rile legilor aplicabile (cum ar fi dreptul de a cita), cu excep\u021bia cazului \u00een care con\u021binutul specific impune altfel.<\/p><p>Dac\u0103 ai \u00eentreb\u0103ri sau probleme cu accesibilitatea site-ului, te rug\u0103m s\u0103 nu ezi\u021bi s\u0103 ne contactezi.<\/p><\/div><\/div>\n\t\t\t\t\t\t<\/div>\n\t\t\t\t<\/div>\n\t\t\t\t\t<\/div>\n\t\t<\/div>\n\t\t\t\t\t<\/div>\n\t\t<\/section>\n\t\t\t\t<\/div>\n\t\t","protected":false},"excerpt":{"rendered":"<p>Declinarea responsabilit\u0103\u021bii<\/p>\n","protected":false},"author":1,"featured_media":0,"parent":0,"menu_order":14,"comment_status":"closed","ping_status":"closed","template":"page-templates\/fullwidth-content.php","meta":{"inline_featured_image":false,"footnotes":""},"class_list":["post-24129","page","type-page","status-publish","hentry"],"_links":{"self":[{"href":"https:\/\/www.bauer-diagnostics.com\/ro\/wp-json\/wp\/v2\/pages\/24129","targetHints":{"allow":["GET"]}}],"collection":[{"href":"https:\/\/www.bauer-diagnostics.com\/ro\/wp-json\/wp\/v2\/pages"}],"about":[{"href":"https:\/\/www.bauer-diagnostics.com\/ro\/wp-json\/wp\/v2\/types\/page"}],"author":[{"embeddable":true,"href":"https:\/\/www.bauer-diagnostics.com\/ro\/wp-json\/wp\/v2\/users\/1"}],"replies":[{"embeddable":true,"href":"https:\/\/www.bauer-diagnostics.com\/ro\/wp-json\/wp\/v2\/comments?post=24129"}],"version-history":[{"count":2,"href":"https:\/\/www.bauer-diagnostics.com\/ro\/wp-json\/wp\/v2\/pages\/24129\/revisions"}],"predecessor-version":[{"id":25958,"href":"https:\/\/www.bauer-diagnostics.com\/ro\/wp-json\/wp\/v2\/pages\/24129\/revisions\/25958"}],"wp:attachment":[{"href":"https:\/\/www.bauer-diagnostics.com\/ro\/wp-json\/wp\/v2\/media?parent=24129"}],"curies":[{"name":"wp","href":"https:\/\/api.w.org\/{rel}","templated":true}]}}