{"id":24042,"date":"2025-11-24T15:08:38","date_gmt":"2025-11-24T14:08:38","guid":{"rendered":"https:\/\/www.bauer-diagnostics.de\/fundatia-bauer\/"},"modified":"2026-03-14T14:25:29","modified_gmt":"2026-03-14T13:25:29","slug":"fundatia-bauer","status":"publish","type":"page","link":"https:\/\/www.bauer-diagnostics.com\/ro\/fundatia-bauer\/","title":{"rendered":"Funda\u021bia Bauer"},"content":{"rendered":"\t\t<div data-elementor-type=\"wp-post\" data-elementor-id=\"24042\" class=\"elementor elementor-24042 elementor-22679\" data-elementor-post-type=\"page\">\n\t\t\t\t\t\t<section class=\"elementor-section elementor-top-section elementor-element elementor-element-1732e76 elementor-section-height-min-height elementor-section-boxed elementor-section-height-default elementor-section-items-middle\" data-id=\"1732e76\" data-element_type=\"section\" data-e-type=\"section\" data-settings=\"{&quot;jet_parallax_layout_list&quot;:[],&quot;background_background&quot;:&quot;slideshow&quot;,&quot;background_slideshow_gallery&quot;:[{&quot;id&quot;:23751,&quot;url&quot;:&quot;https:\\\/\\\/www.bauer-diagnostics.com\\\/wp-content\\\/uploads\\\/2025\\\/11\\\/Wissenschaft-1.webp&quot;},{&quot;id&quot;:23752,&quot;url&quot;:&quot;https:\\\/\\\/www.bauer-diagnostics.com\\\/wp-content\\\/uploads\\\/2025\\\/11\\\/Veroeffentlichung.webp&quot;},{&quot;id&quot;:23753,&quot;url&quot;:&quot;https:\\\/\\\/www.bauer-diagnostics.com\\\/wp-content\\\/uploads\\\/2025\\\/11\\\/Symposien-1.webp&quot;}],&quot;background_slideshow_ken_burns&quot;:&quot;yes&quot;,&quot;background_slideshow_loop&quot;:&quot;yes&quot;,&quot;background_slideshow_slide_duration&quot;:5000,&quot;background_slideshow_slide_transition&quot;:&quot;fade&quot;,&quot;background_slideshow_transition_duration&quot;:500,&quot;background_slideshow_ken_burns_zoom_direction&quot;:&quot;in&quot;}\">\n\t\t\t\t\t\t\t<div class=\"elementor-background-overlay\"><\/div>\n\t\t\t\t\t\t\t<div class=\"elementor-container elementor-column-gap-default\">\n\t\t\t\t\t<div class=\"elementor-column elementor-col-50 elementor-top-column elementor-element elementor-element-601045d\" data-id=\"601045d\" data-element_type=\"column\" data-e-type=\"column\" data-settings=\"{&quot;background_background&quot;:&quot;classic&quot;}\">\n\t\t\t<div class=\"elementor-widget-wrap elementor-element-populated\">\n\t\t\t\t\t\t<div class=\"elementor-element elementor-element-2411008 elementor-widget elementor-widget-image\" data-id=\"2411008\" data-element_type=\"widget\" data-e-type=\"widget\" data-widget_type=\"image.default\">\n\t\t\t\t<div class=\"elementor-widget-container\">\n\t\t\t\t\t\t\t\t\t\t\t\t\t\t\t<img decoding=\"async\" src=\"https:\/\/www.bauer-diagnostics.com\/wp-content\/uploads\/2025\/11\/Wappen-Bauer-Foundation-entwurf-1.webp\" title=\"\" alt=\"\" loading=\"lazy\" \/>\t\t\t\t\t\t\t\t\t\t\t\t\t\t\t<\/div>\n\t\t\t\t<\/div>\n\t\t\t\t\t<\/div>\n\t\t<\/div>\n\t\t\t\t<div class=\"elementor-column elementor-col-50 elementor-top-column elementor-element elementor-element-25263e3\" data-id=\"25263e3\" data-element_type=\"column\" data-e-type=\"column\" data-settings=\"{&quot;background_background&quot;:&quot;classic&quot;}\">\n\t\t\t<div class=\"elementor-widget-wrap elementor-element-populated\">\n\t\t\t\t\t\t<div class=\"elementor-element elementor-element-d6c33e0 elementor-widget elementor-widget-heading\" data-id=\"d6c33e0\" data-element_type=\"widget\" data-e-type=\"widget\" data-widget_type=\"heading.default\">\n\t\t\t\t<div class=\"elementor-widget-container\">\n\t\t\t\t\t<h1 class=\"elementor-heading-title elementor-size-default\"><span style=\"color: #Ff6600\">Funda\u021bia Bauer <\/span> pentru <BR>Medicin\u0103 \u0219i Cercetare<\/h1>\t\t\t\t<\/div>\n\t\t\t\t<\/div>\n\t\t\t\t<div class=\"elementor-element elementor-element-a047646 elementor-widget elementor-widget-text-editor\" data-id=\"a047646\" data-element_type=\"widget\" data-e-type=\"widget\" data-widget_type=\"text-editor.default\">\n\t\t\t\t<div class=\"elementor-widget-container\">\n\t\t\t\t\t\t\t\t\t<p><strong><em><span style=\"color: #ff6600;\">\u2022 <\/span>Promovarea cunoa\u0219terii<br \/>\n<span style=\"color: #ff6600;\">\u2022 <\/span>Asumarea responsabilit\u0103\u021bii<br \/>\n<\/em><\/strong><strong><em><span style=\"color: #ff6600;\">\u2022 <\/span>Modelarea viitorului<\/em><\/strong><\/p>\n\t\t\t\t\t\t\t\t<\/div>\n\t\t\t\t<\/div>\n\t\t\t\t\t<\/div>\n\t\t<\/div>\n\t\t\t\t\t<\/div>\n\t\t<\/section>\n\t\t\t\t<section class=\"elementor-section elementor-top-section elementor-element elementor-element-8c93672 elementor-section-boxed elementor-section-height-default elementor-section-height-default\" data-id=\"8c93672\" data-element_type=\"section\" data-e-type=\"section\" data-settings=\"{&quot;jet_parallax_layout_list&quot;:[],&quot;background_background&quot;:&quot;gradient&quot;}\">\n\t\t\t\t\t\t<div class=\"elementor-container elementor-column-gap-default\">\n\t\t\t\t\t<div class=\"elementor-column elementor-col-100 elementor-top-column elementor-element elementor-element-4c79af0\" data-id=\"4c79af0\" data-element_type=\"column\" data-e-type=\"column\">\n\t\t\t<div class=\"elementor-widget-wrap elementor-element-populated\">\n\t\t\t\t\t\t<section class=\"elementor-section elementor-inner-section elementor-element elementor-element-cef3075 elementor-section-boxed elementor-section-height-default elementor-section-height-default\" data-id=\"cef3075\" data-element_type=\"section\" data-e-type=\"section\" data-settings=\"{&quot;jet_parallax_layout_list&quot;:[]}\">\n\t\t\t\t\t\t<div class=\"elementor-container elementor-column-gap-default\">\n\t\t\t\t\t<div class=\"elementor-column elementor-col-50 elementor-inner-column elementor-element elementor-element-8c36fd2\" data-id=\"8c36fd2\" data-element_type=\"column\" data-e-type=\"column\">\n\t\t\t<div class=\"elementor-widget-wrap elementor-element-populated\">\n\t\t\t\t\t\t<div class=\"elementor-element elementor-element-6d9e2a4 elementor-widget elementor-widget-heading\" data-id=\"6d9e2a4\" data-element_type=\"widget\" data-e-type=\"widget\" data-widget_type=\"heading.default\">\n\t\t\t\t<div class=\"elementor-widget-container\">\n\t\t\t\t\t<h2 class=\"elementor-heading-title elementor-size-default\">O funda\u021bie pentru urm\u0103toarea genera\u021bie de medici \u2013 interna\u021bional\u0103, orientat\u0103 spre practic\u0103 \u0219i cu baze \u0219tiin\u021bifice solide.<\/h2>\t\t\t\t<\/div>\n\t\t\t\t<\/div>\n\t\t\t\t<div class=\"elementor-element elementor-element-ffceb29 elementor-widget elementor-widget-heading\" data-id=\"ffceb29\" data-element_type=\"widget\" data-e-type=\"widget\" data-widget_type=\"heading.default\">\n\t\t\t\t<div class=\"elementor-widget-container\">\n\t\t\t\t\t<h2 class=\"elementor-heading-title elementor-size-default\">Promovarea tinerilor medici \u00een radiologie, chirurgie \u0219i oncologie<\/h2>\t\t\t\t<\/div>\n\t\t\t\t<\/div>\n\t\t\t\t<div class=\"elementor-element elementor-element-cb3253f elementor-widget elementor-widget-text-editor\" data-id=\"cb3253f\" data-element_type=\"widget\" data-e-type=\"widget\" data-widget_type=\"text-editor.default\">\n\t\t\t\t<div class=\"elementor-widget-container\">\n\t\t\t\t\t\t\t\t\t<p>Funda\u021bia Bauer sprijin\u0103 tinerii medici dedica\u021bi care doresc s\u0103-\u0219i dezvolte abilit\u0103\u021bile clinice \u0219i \u0219tiin\u021bifice. Programele noastre de finan\u021bare combin\u0103 o educa\u021bie excelent\u0103 cu cooperarea interna\u021bional\u0103, \u00een special \u00eentre Germania, Rom\u00e2nia \u0219i Ungaria. Scopul este de a \u00eenso\u021bi tinerii medici \u00een drumul lor c\u0103tre competen\u021b\u0103 clinic\u0103 \u0219i excelen\u021b\u0103 \u0219tiin\u021bific\u0103. Prin burse, stagii, programe \u00een str\u0103in\u0103tate \u0219i mentorat personal, cre\u0103m oportunit\u0103\u021bi care altfel ar fi rareori accesibile.<\/p>\n\t\t\t\t\t\t\t\t<\/div>\n\t\t\t\t<\/div>\n\t\t\t\t<div class=\"elementor-element elementor-element-15bd758 elementor-widget elementor-widget-heading\" data-id=\"15bd758\" data-element_type=\"widget\" data-e-type=\"widget\" data-widget_type=\"heading.default\">\n\t\t\t\t<div class=\"elementor-widget-container\">\n\t\t\t\t\t<h2 class=\"elementor-heading-title elementor-size-default\">Scopul Funda\u021biei<\/h2>\t\t\t\t<\/div>\n\t\t\t\t<\/div>\n\t\t\t\t<div class=\"elementor-element elementor-element-fdcffcd elementor-widget elementor-widget-text-editor\" data-id=\"fdcffcd\" data-element_type=\"widget\" data-e-type=\"widget\" data-widget_type=\"text-editor.default\">\n\t\t\t\t<div class=\"elementor-widget-container\">\n\t\t\t\t\t\t\t\t\t<p>Funda\u021bia Bauer urm\u0103re\u0219te exclusiv scopuri de utilitate public\u0103, \u00een conformitate cu prevederile \u00a7\u00a7 51 \u0219i urm\u0103toarele din Codul Fiscal German.<\/p>\n\t\t\t\t\t\t\t\t<\/div>\n\t\t\t\t<\/div>\n\t\t\t\t<div class=\"elementor-element elementor-element-d680fa8 elementor-icon-list--layout-traditional elementor-list-item-link-full_width elementor-widget elementor-widget-icon-list\" data-id=\"d680fa8\" data-element_type=\"widget\" data-e-type=\"widget\" data-widget_type=\"icon-list.default\">\n\t\t\t\t<div class=\"elementor-widget-container\">\n\t\t\t\t\t\t\t<ul class=\"elementor-icon-list-items\">\n\t\t\t\t\t\t\t<li class=\"elementor-icon-list-item\">\n\t\t\t\t\t\t\t\t\t\t\t<span class=\"elementor-icon-list-icon\">\n\t\t\t\t\t\t\t<i aria-hidden=\"true\" class=\"fas fa-check\"><\/i>\t\t\t\t\t\t<\/span>\n\t\t\t\t\t\t\t\t\t\t<span class=\"elementor-icon-list-text\">\u0218tiin\u021b\u0103 \u0219i cercetare \u00een domeniile radiologiei, oncologiei \u0219i chirurgiei<\/span>\n\t\t\t\t\t\t\t\t\t<\/li>\n\t\t\t\t\t\t\t\t<li class=\"elementor-icon-list-item\">\n\t\t\t\t\t\t\t\t\t\t\t<span class=\"elementor-icon-list-icon\">\n\t\t\t\t\t\t\t<i aria-hidden=\"true\" class=\"fas fa-check\"><\/i>\t\t\t\t\t\t<\/span>\n\t\t\t\t\t\t\t\t\t\t<span class=\"elementor-icon-list-text\">S\u0103n\u0103tate public\u0103 \u0219i educa\u021bie medical\u0103<\/span>\n\t\t\t\t\t\t\t\t\t<\/li>\n\t\t\t\t\t\t\t\t<li class=\"elementor-icon-list-item\">\n\t\t\t\t\t\t\t\t\t\t\t<span class=\"elementor-icon-list-icon\">\n\t\t\t\t\t\t\t<i aria-hidden=\"true\" class=\"fas fa-check\"><\/i>\t\t\t\t\t\t<\/span>\n\t\t\t\t\t\t\t\t\t\t<span class=\"elementor-icon-list-text\">Cooperare academic\u0103 interna\u021bional\u0103, \u00een special \u00eentre Germania, Rom\u00e2nia \u0219i Ungaria<\/span>\n\t\t\t\t\t\t\t\t\t<\/li>\n\t\t\t\t\t\t<\/ul>\n\t\t\t\t\t\t<\/div>\n\t\t\t\t<\/div>\n\t\t\t\t\t<\/div>\n\t\t<\/div>\n\t\t\t\t<div class=\"elementor-column elementor-col-50 elementor-inner-column elementor-element elementor-element-35f2053\" data-id=\"35f2053\" data-element_type=\"column\" data-e-type=\"column\">\n\t\t\t<div class=\"elementor-widget-wrap elementor-element-populated\">\n\t\t\t\t\t\t<div class=\"elementor-element elementor-element-37fe333 elementor-widget elementor-widget-image\" data-id=\"37fe333\" data-element_type=\"widget\" data-e-type=\"widget\" data-widget_type=\"image.default\">\n\t\t\t\t<div class=\"elementor-widget-container\">\n\t\t\t\t\t\t\t\t\t\t\t\t\t\t\t\t<a href=\"https:\/\/www.bauer-diagnostics.com\/wp-content\/uploads\/2025\/12\/Dr_Bauer_Stiftungsseite.webp\" data-elementor-open-lightbox=\"yes\" data-elementor-lightbox-title=\"Dr_Bauer_Stiftungsseite\" data-e-action-hash=\"#elementor-action%3Aaction%3Dlightbox%26settings%3DeyJpZCI6MjQ4MjcsInVybCI6Imh0dHBzOlwvXC93d3cuYmF1ZXItZGlhZ25vc3RpY3MuY29tXC93cC1jb250ZW50XC91cGxvYWRzXC8yMDI1XC8xMlwvRHJfQmF1ZXJfU3RpZnR1bmdzc2VpdGUud2VicCJ9\">\n\t\t\t\t\t\t\t<img fetchpriority=\"high\" decoding=\"async\" width=\"592\" height=\"657\" src=\"https:\/\/www.bauer-diagnostics.com\/wp-content\/uploads\/2025\/12\/Dr_Bauer_Stiftungsseite.webp\" class=\"attachment-large size-large wp-image-24827\" alt=\"\" srcset=\"https:\/\/www.bauer-diagnostics.com\/wp-content\/uploads\/2025\/12\/Dr_Bauer_Stiftungsseite.webp 592w, https:\/\/www.bauer-diagnostics.com\/wp-content\/uploads\/2025\/12\/Dr_Bauer_Stiftungsseite-270x300.webp 270w\" sizes=\"(max-width: 592px) 100vw, 592px\" \/>\t\t\t\t\t\t\t\t<\/a>\n\t\t\t\t\t\t\t\t\t\t\t\t\t\t\t<\/div>\n\t\t\t\t<\/div>\n\t\t\t\t<div class=\"elementor-element elementor-element-ad5dc93 elementor-flip-box--effect-zoom-in elementor-widget elementor-widget-flip-box\" data-id=\"ad5dc93\" data-element_type=\"widget\" data-e-type=\"widget\" data-widget_type=\"flip-box.default\">\n\t\t\t\t<div class=\"elementor-widget-container\">\n\t\t\t\t\t\t\t<div class=\"elementor-flip-box\" tabindex=\"0\">\n\t\t\t<div class=\"elementor-flip-box__layer elementor-flip-box__front\">\n\t\t\t\t<div class=\"elementor-flip-box__layer__overlay\">\n\t\t\t\t\t<div class=\"elementor-flip-box__layer__inner\">\n\t\t\t\t\t\t\t\t\t\t\t\t\t<div class=\"elementor-icon-wrapper elementor-view-default\">\n\t\t\t\t\t\t\t\t<div class=\"elementor-icon\">\n\t\t\t\t\t\t\t\t\t\t\t\t\t\t\t\t\t<\/div>\n\t\t\t\t\t\t\t<\/div>\n\t\t\t\t\t\t\n\t\t\t\t\t\t\t\t\t\t\t\t\t<h3 class=\"elementor-flip-box__layer__title\">\n\t\t\t\t\t\t\t\tViziune \u0219i responsabilitate\t\t\t\t\t\t\t<\/h3>\n\t\t\t\t\t\t\n\t\t\t\t\t\t\t\t\t\t\t\t\t<p class=\"elementor-flip-box__layer__description\">\n\t\t\t\t\t\t\t\tFunda\u021bia Bauer este mai mult dec\u00e2t o institu\u021bie \u2013 este un dialog \u00eentre genera\u021bii \u0219i discipline.\r\nAceasta \u00ee\u0219i propune s\u0103 construiasc\u0103 pun\u021bi \u00eentre cercetare \u0219i practica clinic\u0103, \u00eentre Vest \u0219i Est, \u00eentre experien\u021b\u0103 \u0219i inova\u021bie.\t\t\t\t\t\t\t<\/p>\n\t\t\t\t\t\t\t\t\t\t\t<\/div>\n\t\t\t\t<\/div>\n\t\t\t<\/div>\n\t\t\t<div class=\"elementor-flip-box__layer elementor-flip-box__back\">\n\t\t\t<div class=\"elementor-flip-box__layer__overlay\">\n\t\t\t\t<div class=\"elementor-flip-box__layer__inner\">\n\t\t\t\t\t\t\t\t\t\t\t<h3 class=\"elementor-flip-box__layer__title\">\n\t\t\t\t\t\t\tMisiunea sa:\t\t\t\t\t\t<\/h3>\n\t\t\t\t\t\n\t\t\t\t\t\t\t\t\t\t\t<p class=\"elementor-flip-box__layer__description\">\n\t\t\t\t\t\t\tPromovarea \u0219tiin\u021bei. P\u0103strarea umanit\u0103\u021bii. Modelarea viitorului.\t\t\t\t\t\t<\/p>\n\t\t\t\t\t\n\t\t\t\t\t\t\t\t<\/div>\n\t\t<\/div>\n\t\t<\/div>\n\t\t<\/div>\n\t\t\t\t\t\t<\/div>\n\t\t\t\t<\/div>\n\t\t\t\t<div class=\"elementor-element elementor-element-eaa2d8c elementor-icon-list--layout-traditional elementor-list-item-link-full_width elementor-widget elementor-widget-icon-list\" data-id=\"eaa2d8c\" data-element_type=\"widget\" data-e-type=\"widget\" data-widget_type=\"icon-list.default\">\n\t\t\t\t<div class=\"elementor-widget-container\">\n\t\t\t\t\t\t\t<ul class=\"elementor-icon-list-items\">\n\t\t\t\t\t\t\t<li class=\"elementor-icon-list-item\">\n\t\t\t\t\t\t\t\t\t\t<span class=\"elementor-icon-list-text\"><strong>Contact \u0219i informa\u021bii pentru dona\u021bii<\/strong><\/span>\n\t\t\t\t\t\t\t\t\t<\/li>\n\t\t\t\t\t\t\t\t<li class=\"elementor-icon-list-item\">\n\t\t\t\t\t\t\t\t\t\t\t<a href=\"mailto:stiftung@bauer-diagnostics.com%20%20%20%20\">\n\n\t\t\t\t\t\t\t\t\t\t\t\t<span class=\"elementor-icon-list-icon\">\n\t\t\t\t\t\t\t<i aria-hidden=\"true\" class=\"fas fa-edit\"><\/i>\t\t\t\t\t\t<\/span>\n\t\t\t\t\t\t\t\t\t\t<span class=\"elementor-icon-list-text\">stiftung@bauer-diagnostics.com    <\/span>\n\t\t\t\t\t\t\t\t\t\t\t<\/a>\n\t\t\t\t\t\t\t\t\t<\/li>\n\t\t\t\t\t\t\t\t<li class=\"elementor-icon-list-item\">\n\t\t\t\t\t\t\t\t\t\t\t<a href=\"https:\/\/www.bauer-diagnostics.com\/ro\/\">\n\n\t\t\t\t\t\t\t\t\t\t\t\t<span class=\"elementor-icon-list-icon\">\n\t\t\t\t\t\t\t<i aria-hidden=\"true\" class=\"fas fa-globe\"><\/i>\t\t\t\t\t\t<\/span>\n\t\t\t\t\t\t\t\t\t\t<span class=\"elementor-icon-list-text\">www.bauer-diagnostics.com<\/span>\n\t\t\t\t\t\t\t\t\t\t\t<\/a>\n\t\t\t\t\t\t\t\t\t<\/li>\n\t\t\t\t\t\t<\/ul>\n\t\t\t\t\t\t<\/div>\n\t\t\t\t<\/div>\n\t\t\t\t\t<\/div>\n\t\t<\/div>\n\t\t\t\t\t<\/div>\n\t\t<\/section>\n\t\t\t\t\t<\/div>\n\t\t<\/div>\n\t\t\t\t\t<\/div>\n\t\t<\/section>\n\t\t\t\t<section class=\"elementor-section elementor-top-section elementor-element elementor-element-7a50c78 elementor-section-boxed elementor-section-height-default elementor-section-height-default\" data-id=\"7a50c78\" data-element_type=\"section\" data-e-type=\"section\" data-settings=\"{&quot;jet_parallax_layout_list&quot;:[]}\">\n\t\t\t\t\t\t<div class=\"elementor-container elementor-column-gap-default\">\n\t\t\t\t\t<div class=\"elementor-column elementor-col-100 elementor-top-column elementor-element elementor-element-1d9d12d\" data-id=\"1d9d12d\" data-element_type=\"column\" data-e-type=\"column\">\n\t\t\t<div class=\"elementor-widget-wrap elementor-element-populated\">\n\t\t\t\t\t\t<div class=\"elementor-element elementor-element-b1ca39b elementor-widget elementor-widget-heading\" data-id=\"b1ca39b\" data-element_type=\"widget\" data-e-type=\"widget\" data-widget_type=\"heading.default\">\n\t\t\t\t<div class=\"elementor-widget-container\">\n\t\t\t\t\t<h2 class=\"elementor-heading-title elementor-size-default\">Domenii prioritare de sprijin<\/h2>\t\t\t\t<\/div>\n\t\t\t\t<\/div>\n\t\t\t\t<div class=\"elementor-element elementor-element-ddf6ca9 elementor-widget elementor-widget-jet-image-accordion\" data-id=\"ddf6ca9\" data-element_type=\"widget\" data-e-type=\"widget\" data-widget_type=\"jet-image-accordion.default\">\n\t\t\t\t<div class=\"elementor-widget-container\">\n\t\t\t\t\t<div class=\"elementor-jet-image-accordion jet-tabs-addons\"><div class=\"jet-image-accordion jet-image-accordion-horizontal-orientation jet-image-accordion-circ-ease\" role=\"tablist\" data-settings=\"{&quot;orientation&quot;:&quot;horizontal&quot;,&quot;activeSize&quot;:{&quot;unit&quot;:&quot;%&quot;,&quot;size&quot;:84,&quot;sizes&quot;:[]},&quot;duration&quot;:500,&quot;activeItem&quot;:-1}\">\n\t<div class=\"jet-image-accordion__list\">\n<div class=\"jet-image-accordion__item title-display-mode__on_default_state\" role=\"tab\" aria-selected=\"false\" tabindex=\"0\">\n<img decoding=\"async\" class=\"jet-image-accordion__image-instance\" src=\"https:\/\/www.bauer-diagnostics.com\/wp-content\/uploads\/2025\/11\/Wissenschaft-1.webp\" alt=\"Wissenschaft\">\n\t\t\t<h5 class=\"jet-image-accordion__title-default\">Sprijinirea proiectelor de cercetare inovatoare<\/h5>\t\n\t<div class=\"jet-image-accordion__content\">\n\t\t<div class=\"jet-image-accordion__desc\">\u00een diagnostic, imagistic\u0103 func\u021bional\u0103 \u0219i terapie oncologic\u0103.<\/div><\/div>\n\t<div class=\"jet-image-accordion__item-loader\"><span><\/span><\/div>\n<\/div>\n<div class=\"jet-image-accordion__item title-display-mode__on_default_state\" role=\"tab\" aria-selected=\"false\" tabindex=\"0\">\n<img decoding=\"async\" class=\"jet-image-accordion__image-instance\" src=\"https:\/\/www.bauer-diagnostics.com\/wp-content\/uploads\/2025\/11\/Foerderung-3.webp\" alt=\"Foerderung\">\n\t\t\t<h5 class=\"jet-image-accordion__title-default\">Sprijinirea tinerilor medici<\/h5>\t\n\t<div class=\"jet-image-accordion__content\">\n\t\t<div class=\"jet-image-accordion__desc\">prin acordarea de burse \u0219i finan\u021b\u0103ri pentru cheltuieli de deplasare destinate form\u0103rii \u0219tiin\u021bifice, stagiilor de cercetare \u0219i particip\u0103rii la congrese interna\u021bionale.<\/div><\/div>\n\t<div class=\"jet-image-accordion__item-loader\"><span><\/span><\/div>\n<\/div>\n<div class=\"jet-image-accordion__item title-display-mode__on_default_state\" role=\"tab\" aria-selected=\"false\" tabindex=\"0\">\n<img decoding=\"async\" class=\"jet-image-accordion__image-instance\" src=\"https:\/\/www.bauer-diagnostics.com\/wp-content\/uploads\/2025\/11\/Symposien-1.webp\" alt=\"Symposien\">\n\t\t\t<h5 class=\"jet-image-accordion__title-default\">Evenimente \u0219tiin\u021bifice:<\/h5>\t\n\t<div class=\"jet-image-accordion__content\">\n\t\t<div class=\"jet-image-accordion__desc\">organizarea \u0219i sus\u021binerea de workshopuri, simpozioane \u0219i conferin\u021be interdisciplinare care reunesc radiologia, chirurgia \u0219i oncologia.<\/div><\/div>\n\t<div class=\"jet-image-accordion__item-loader\"><span><\/span><\/div>\n<\/div>\n<div class=\"jet-image-accordion__item title-display-mode__on_default_state\" role=\"tab\" aria-selected=\"false\" tabindex=\"0\">\n<img decoding=\"async\" class=\"jet-image-accordion__image-instance\" src=\"https:\/\/www.bauer-diagnostics.com\/wp-content\/uploads\/2025\/11\/Veroeffentlichung.webp\" alt=\"Veroeffentlichung\">\n\t\t\t<h5 class=\"jet-image-accordion__title-default\">Publica\u021bii \u0219i transfer de cuno\u0219tin\u021be:<\/h5>\t\n\t<div class=\"jet-image-accordion__content\">\n\t\t<div class=\"jet-image-accordion__desc\">publicarea \u0219i diseminarea rezultatelor \u0219tiin\u021bifice cu relevan\u021b\u0103 social\u0103.<\/div><\/div>\n\t<div class=\"jet-image-accordion__item-loader\"><span><\/span><\/div>\n<\/div>\n<\/div>\n<\/div>\n<\/div>\t\t\t\t<\/div>\n\t\t\t\t<\/div>\n\t\t\t\t\t<\/div>\n\t\t<\/div>\n\t\t\t\t\t<\/div>\n\t\t<\/section>\n\t\t\t\t<\/div>\n\t\t","protected":false},"excerpt":{"rendered":"<p>Funda\u021bia Bauer pentru Medicin\u0103 \u0219i Cercetare \u2022 Promovarea cunoa\u0219terii \u2022 Asumarea responsabilit\u0103\u021bii \u2022 Modelarea viitorului O funda\u021bie pentru urm\u0103toarea genera\u021bie de medici \u2013 interna\u021bional\u0103, orientat\u0103 spre practic\u0103 \u0219i cu baze \u0219tiin\u021bifice solide. Promovarea tinerilor medici \u00een radiologie, chirurgie \u0219i oncologie Funda\u021bia Bauer sprijin\u0103 tinerii medici dedica\u021bi care doresc s\u0103-\u0219i dezvolte abilit\u0103\u021bile clinice \u0219i \u0219tiin\u021bifice. Programele [&hellip;]<\/p>\n","protected":false},"author":1,"featured_media":0,"parent":0,"menu_order":7,"comment_status":"closed","ping_status":"closed","template":"page-templates\/fullwidth-content.php","meta":{"inline_featured_image":false,"footnotes":""},"class_list":["post-24042","page","type-page","status-publish","hentry"],"_links":{"self":[{"href":"https:\/\/www.bauer-diagnostics.com\/ro\/wp-json\/wp\/v2\/pages\/24042","targetHints":{"allow":["GET"]}}],"collection":[{"href":"https:\/\/www.bauer-diagnostics.com\/ro\/wp-json\/wp\/v2\/pages"}],"about":[{"href":"https:\/\/www.bauer-diagnostics.com\/ro\/wp-json\/wp\/v2\/types\/page"}],"author":[{"embeddable":true,"href":"https:\/\/www.bauer-diagnostics.com\/ro\/wp-json\/wp\/v2\/users\/1"}],"replies":[{"embeddable":true,"href":"https:\/\/www.bauer-diagnostics.com\/ro\/wp-json\/wp\/v2\/comments?post=24042"}],"version-history":[{"count":11,"href":"https:\/\/www.bauer-diagnostics.com\/ro\/wp-json\/wp\/v2\/pages\/24042\/revisions"}],"predecessor-version":[{"id":26453,"href":"https:\/\/www.bauer-diagnostics.com\/ro\/wp-json\/wp\/v2\/pages\/24042\/revisions\/26453"}],"wp:attachment":[{"href":"https:\/\/www.bauer-diagnostics.com\/ro\/wp-json\/wp\/v2\/media?parent=24042"}],"curies":[{"name":"wp","href":"https:\/\/api.w.org\/{rel}","templated":true}]}}