{"id":23830,"date":"2025-12-16T14:29:10","date_gmt":"2025-12-16T13:29:10","guid":{"rendered":"https:\/\/www.bauer-diagnostics.de\/conferinte\/residentia\/"},"modified":"2026-03-14T13:18:34","modified_gmt":"2026-03-14T12:18:34","slug":"residentia","status":"publish","type":"page","link":"https:\/\/www.bauer-diagnostics.com\/ro\/conferinte\/residentia\/","title":{"rendered":"Residentia"},"content":{"rendered":"\t\t<div data-elementor-type=\"wp-post\" data-elementor-id=\"23830\" class=\"elementor elementor-23830 elementor-22851\" data-elementor-post-type=\"page\">\n\t\t\t\t\t\t<section class=\"elementor-section elementor-top-section elementor-element elementor-element-df43c54 elementor-section-boxed elementor-section-height-default elementor-section-height-default\" data-id=\"df43c54\" data-element_type=\"section\" data-e-type=\"section\" data-settings=\"{&quot;jet_parallax_layout_list&quot;:[],&quot;background_background&quot;:&quot;slideshow&quot;,&quot;background_slideshow_gallery&quot;:[{&quot;id&quot;:23777,&quot;url&quot;:&quot;https:\\\/\\\/www.bauer-diagnostics.com\\\/wp-content\\\/uploads\\\/2025\\\/10\\\/Slide_anwesen_01.webp&quot;},{&quot;id&quot;:23778,&quot;url&quot;:&quot;https:\\\/\\\/www.bauer-diagnostics.com\\\/wp-content\\\/uploads\\\/2025\\\/10\\\/Slide_anwesen_06.webp&quot;},{&quot;id&quot;:23779,&quot;url&quot;:&quot;https:\\\/\\\/www.bauer-diagnostics.com\\\/wp-content\\\/uploads\\\/2025\\\/10\\\/Slide_anwesen_05.webp&quot;},{&quot;id&quot;:23780,&quot;url&quot;:&quot;https:\\\/\\\/www.bauer-diagnostics.com\\\/wp-content\\\/uploads\\\/2025\\\/10\\\/Slide_anwesen_04.webp&quot;},{&quot;id&quot;:23781,&quot;url&quot;:&quot;https:\\\/\\\/www.bauer-diagnostics.com\\\/wp-content\\\/uploads\\\/2025\\\/10\\\/Slide_anwesen_02.webp&quot;}],&quot;background_slideshow_ken_burns&quot;:&quot;yes&quot;,&quot;background_slideshow_loop&quot;:&quot;yes&quot;,&quot;background_slideshow_slide_duration&quot;:5000,&quot;background_slideshow_slide_transition&quot;:&quot;fade&quot;,&quot;background_slideshow_transition_duration&quot;:500,&quot;background_slideshow_ken_burns_zoom_direction&quot;:&quot;in&quot;}\">\n\t\t\t\t\t\t<div class=\"elementor-container elementor-column-gap-default\">\n\t\t\t\t\t<div class=\"elementor-column elementor-col-100 elementor-top-column elementor-element elementor-element-26ae2a8\" data-id=\"26ae2a8\" data-element_type=\"column\" data-e-type=\"column\">\n\t\t\t<div class=\"elementor-widget-wrap elementor-element-populated\">\n\t\t\t\t\t\t<div class=\"elementor-element elementor-element-92bd35a elementor-widget elementor-widget-spacer\" data-id=\"92bd35a\" data-element_type=\"widget\" data-e-type=\"widget\" data-widget_type=\"spacer.default\">\n\t\t\t\t<div class=\"elementor-widget-container\">\n\t\t\t\t\t\t\t<div class=\"elementor-spacer\">\n\t\t\t<div class=\"elementor-spacer-inner\"><\/div>\n\t\t<\/div>\n\t\t\t\t\t\t<\/div>\n\t\t\t\t<\/div>\n\t\t\t\t\t<\/div>\n\t\t<\/div>\n\t\t\t\t\t<\/div>\n\t\t<\/section>\n\t\t\t\t<section class=\"elementor-section elementor-top-section elementor-element elementor-element-f52a295 elementor-section-boxed elementor-section-height-default elementor-section-height-default\" data-id=\"f52a295\" data-element_type=\"section\" data-e-type=\"section\" data-settings=\"{&quot;jet_parallax_layout_list&quot;:[],&quot;background_background&quot;:&quot;classic&quot;}\">\n\t\t\t\t\t\t<div class=\"elementor-container elementor-column-gap-default\">\n\t\t\t\t\t<div class=\"elementor-column elementor-col-100 elementor-top-column elementor-element elementor-element-fa8e966\" data-id=\"fa8e966\" data-element_type=\"column\" data-e-type=\"column\">\n\t\t\t<div class=\"elementor-widget-wrap elementor-element-populated\">\n\t\t\t\t\t\t<div class=\"elementor-element elementor-element-83c62d2 elementor-widget elementor-widget-heading\" data-id=\"83c62d2\" data-element_type=\"widget\" data-e-type=\"widget\" data-widget_type=\"heading.default\">\n\t\t\t\t<div class=\"elementor-widget-container\">\n\t\t\t\t\t<h1 class=\"elementor-heading-title elementor-size-default\"><span style=\"color: #Ff6600\">Residentia<\/span><\/h1>\t\t\t\t<\/div>\n\t\t\t\t<\/div>\n\t\t\t\t\t<\/div>\n\t\t<\/div>\n\t\t\t\t\t<\/div>\n\t\t<\/section>\n\t\t\t\t<section class=\"elementor-section elementor-top-section elementor-element elementor-element-3b3dce1 elementor-section-boxed elementor-section-height-default elementor-section-height-default\" data-id=\"3b3dce1\" data-element_type=\"section\" data-e-type=\"section\" data-settings=\"{&quot;jet_parallax_layout_list&quot;:[],&quot;background_background&quot;:&quot;classic&quot;}\">\n\t\t\t\t\t\t<div class=\"elementor-container elementor-column-gap-default\">\n\t\t\t\t\t<div class=\"elementor-column elementor-col-50 elementor-top-column elementor-element elementor-element-7a569e3\" data-id=\"7a569e3\" data-element_type=\"column\" data-e-type=\"column\">\n\t\t\t<div class=\"elementor-widget-wrap elementor-element-populated\">\n\t\t\t\t\t\t<div class=\"elementor-element elementor-element-a047646 elementor-widget elementor-widget-text-editor\" data-id=\"a047646\" data-element_type=\"widget\" data-e-type=\"widget\" data-widget_type=\"text-editor.default\">\n\t\t\t\t<div class=\"elementor-widget-container\">\n\t\t\t\t\t\t\t\t\t<p>Palkonya se afl\u0103 \u00een cartierul Baranya din sudul Ungariei \u0219i este situat pe poalele de nord-est ale mun\u021bilor Vill\u00e1ny. Municipalitatea are 350 de locuitori \u0219i este membru fondator al Asocia\u021biei de degustare de vinuri \u201eVill\u00e1ny-Sikl\u00f3s\u201d. Nu numai de vinuri enumerate-pivni\u021ba, vinurile ro\u0219ii de foc \u0219i ospitalitatea de winegrowers, dar, de asemenea, BirdLife \u0219i lini\u0219tea de bazine de pescuit din apropiere atrage mai multe \u0219i mai mul\u021bi turi\u0219ti \u00een fiecare an. Palkonya este o mic\u0103 \u201ecutie de bijuterii\u201d \u0219i a fost \u00een 2007 sat cultural european.<\/p>\n\t\t\t\t\t\t\t\t<\/div>\n\t\t\t\t<\/div>\n\t\t\t\t\t<\/div>\n\t\t<\/div>\n\t\t\t\t<div class=\"elementor-column elementor-col-50 elementor-top-column elementor-element elementor-element-193a077\" data-id=\"193a077\" data-element_type=\"column\" data-e-type=\"column\">\n\t\t\t<div class=\"elementor-widget-wrap elementor-element-populated\">\n\t\t\t\t\t\t<div class=\"elementor-element elementor-element-91b226a elementor-widget elementor-widget-text-editor\" data-id=\"91b226a\" data-element_type=\"widget\" data-e-type=\"widget\" data-widget_type=\"text-editor.default\">\n\t\t\t\t<div class=\"elementor-widget-container\">\n\t\t\t\t\t\t\t\t\t<p>A\u0219ez\u0103m\u00e2ntul Palkonya, care a apar\u021binut ini\u021bial Bunului Kernend, este men\u021bionat pentru prima dat\u0103 \u00een documente \u00een 1296. Dup\u0103 b\u0103t\u0103lia de la Mohacs din 1526, aceast\u0103 parte a Ungariei a ajuns sub st\u0103p\u00e2nirea turc\u0103. \u00cen 1687, c\u00e2nd armata turc\u0103 a suferit o \u00eenfr\u00e2ngere devastatoare la Nagyharsany \u0219i aceast\u0103 zon\u0103 a fost eliberat\u0103 definitiv de ocupa\u021bia turc\u0103, a locuit \u00een Palkonya \u00een 8 case 20 de locuitori. Locuitorii s-au ocupat de agricultur\u0103 \u0219i viticultur\u0103. \u00cen timpul r\u0103zboaielor turce\u0219ti, o parte din popula\u021bie a fost ucis\u0103 prin consecin\u021bele campaniilor, o alt\u0103 parte a fugit sau a fost r\u0103pit\u0103.<\/p>\n\t\t\t\t\t\t\t\t<\/div>\n\t\t\t\t<\/div>\n\t\t\t\t\t<\/div>\n\t\t<\/div>\n\t\t\t\t\t<\/div>\n\t\t<\/section>\n\t\t\t\t<section class=\"elementor-section elementor-top-section elementor-element elementor-element-0724777 elementor-section-boxed elementor-section-height-default elementor-section-height-default\" data-id=\"0724777\" data-element_type=\"section\" data-e-type=\"section\" data-settings=\"{&quot;jet_parallax_layout_list&quot;:[],&quot;background_background&quot;:&quot;gradient&quot;}\">\n\t\t\t\t\t\t<div class=\"elementor-container elementor-column-gap-default\">\n\t\t\t\t\t<div class=\"elementor-column elementor-col-100 elementor-top-column elementor-element elementor-element-3fc87ea\" data-id=\"3fc87ea\" data-element_type=\"column\" data-e-type=\"column\">\n\t\t\t<div class=\"elementor-widget-wrap elementor-element-populated\">\n\t\t\t\t\t\t<div class=\"elementor-element elementor-element-fa943f0 elementor-widget elementor-widget-html\" data-id=\"fa943f0\" data-element_type=\"widget\" data-e-type=\"widget\" data-widget_type=\"html.default\">\n\t\t\t\t<div class=\"elementor-widget-container\">\n\t\t\t\t\t<div style=\"padding:41.89% 0 0 0;position:relative;\"><iframe src=\"https:\/\/player.vimeo.com\/video\/331563302?badge=0&amp;autopause=0&amp;player_id=0&amp;app_id=58479\" frameborder=\"0\" allow=\"autoplay; fullscreen; picture-in-picture; clipboard-write; encrypted-media; web-share\" referrerpolicy=\"strict-origin-when-cross-origin\" style=\"position:absolute;top:0;left:0;width:100%;height:100%;\" title=\"Bauer Diagnostics - Palkonya\"><\/iframe><\/div><script src=\"https:\/\/player.vimeo.com\/api\/player.js\"><\/script>\t\t\t\t<\/div>\n\t\t\t\t<\/div>\n\t\t\t\t\t<\/div>\n\t\t<\/div>\n\t\t\t\t\t<\/div>\n\t\t<\/section>\n\t\t\t\t<section class=\"elementor-section elementor-top-section elementor-element elementor-element-d1f853a elementor-section-boxed elementor-section-height-default elementor-section-height-default\" data-id=\"d1f853a\" data-element_type=\"section\" data-e-type=\"section\" data-settings=\"{&quot;jet_parallax_layout_list&quot;:[],&quot;background_background&quot;:&quot;gradient&quot;}\">\n\t\t\t\t\t\t<div class=\"elementor-container elementor-column-gap-default\">\n\t\t\t\t\t<div class=\"elementor-column elementor-col-50 elementor-top-column elementor-element elementor-element-489ed12\" data-id=\"489ed12\" data-element_type=\"column\" data-e-type=\"column\">\n\t\t\t<div class=\"elementor-widget-wrap elementor-element-populated\">\n\t\t\t\t\t\t<div class=\"elementor-element elementor-element-f693658 elementor-widget elementor-widget-text-editor\" data-id=\"f693658\" data-element_type=\"widget\" data-e-type=\"widget\" data-widget_type=\"text-editor.default\">\n\t\t\t\t<div class=\"elementor-widget-container\">\n\t\t\t\t\t\t\t\t\t<p>Pentru reconstruc\u021bia regiunii, familiile germane, s\u00e2rbe \u0219i croate au fost stabilite \u00een prima treime a secolului al XVIII-lea.. Primii coloni\u0219ti germani din regiunea noastr\u0103 au fost stabili\u021bi \u00een anii 1820, dar prima intrare a unui fermier german nu poate fi g\u0103sit\u0103 p\u00e2n\u0103 \u00een 1745 \u00een registrul parohiei Ujpetre \/ Razpeter, care a fost fondat\u0103 anul acesta. \u00cen registrul jude\u021bean al acestei perioade se poate observa c\u0103 \u00een Palkonya locuiau la acea vreme 20 de familii germane, una maghiar\u0103 \u0219i dou\u0103 s\u00e2rbe ai c\u0103ror copii erau \u00eenv\u0103\u021ba\u021bi de profesorul Valentin Metzing. De\u0219i comunitatea a fost locuit\u0103 exclusiv de germani timp de dou\u0103 secole, \u00een recens\u0103mintele din 1880-1910, \u0219apte p\u00e2n\u0103 la 34 de persoane, 1920 deja au fost 149 de persoane cunoscute de na\u021bionalitatea maghiar\u0103. \u00cen urma r\u0103zboiului \u0219i expulz\u0103rii, multe familii germane au fost nevoite s\u0103-\u0219i p\u0103r\u0103seasc\u0103 patria \u00een direc\u021bia Germaniei \u0219i Austriei la sf\u00e2r\u0219itul celui de-al Doilea R\u0103zboi Mondial. Familiile maghiare s-au mutat \u00een casele goale ale germanilor.<\/p>\n<p>Maghiarii \u0219i germanii care locuiesc \u00eempreun\u0103 \u00een Palkonya tr\u0103iesc ast\u0103zi pa\u0219nic \u00eempreun\u0103, lucr\u00e2nd \u00eempreun\u0103 \u0219i grij\u0103 unul pentru cel\u0103lalt. Interesele minorit\u0103\u021bii germane (35% din popula\u021bie) sunt reprezentate de guvernul minorit\u0103\u021bii germane din 2003. Familiile satului sunt ocupate \u00een cea mai mare parte cu viticultur\u0103 \u0219i agricultur\u0103, dar mul\u021bi fac naveta \u00een fiecare zi la Pecs pentru a lucra. Nou\u0103 familii de arti\u0219ti tr\u0103iesc acum \u00een sat, iar num\u0103rul familiilor venite din str\u0103in\u0103tate continu\u0103 s\u0103 creasc\u0103. Turi\u0219tii care viziteaz\u0103 traseul de vin \u201eVillany-Sikl\u00f6s\u201d pot sta peste noapte cu familiile satului \u0219i se pot bucura de o degustare de vinuri \u00eempreun\u0103 cu vinificatorii. Pentru mai multe informa\u021bii, vizita\u021bi www.palkonya.hu.<\/p>\n<p>Imaginea satului p\u0103streaz\u0103 fidel cultura arhitectural\u0103 a viticultorilor germani care s-au stabilit aici \u00een secolul al XVIII-lea. Satul pivni\u021bei, care este format din 53 de beci \u0219i este cunoscut la nivel na\u021bional, este o cl\u0103dire listat\u0103. Pivni\u021bele au fost construite de la \u00eenceputul secolului al XIX-lea, \u00een epoca culturii vinului. \u00cen 1992, consiliul local a plasat cele mai mult de 52 de case reprezent\u00e2nd cultura cl\u0103dirii tradi\u021bionale germane sub protec\u021bie local\u0103.<\/p>\n\t\t\t\t\t\t\t\t<\/div>\n\t\t\t\t<\/div>\n\t\t\t\t\t<\/div>\n\t\t<\/div>\n\t\t\t\t<div class=\"elementor-column elementor-col-50 elementor-top-column elementor-element elementor-element-1d984eb\" data-id=\"1d984eb\" data-element_type=\"column\" data-e-type=\"column\">\n\t\t\t<div class=\"elementor-widget-wrap elementor-element-populated\">\n\t\t\t\t\t\t<div class=\"elementor-element elementor-element-31d48d0 elementor-widget elementor-widget-text-editor\" data-id=\"31d48d0\" data-element_type=\"widget\" data-e-type=\"widget\" data-widget_type=\"text-editor.default\">\n\t\t\t\t<div class=\"elementor-widget-container\">\n\t\t\t\t\t\t\t\t\t<p>Ini\u021biativa de a p\u0103stra imaginea satului istoric i-a determinat pe locuitori s\u0103 \u00ee\u0219i restaureze casele \u0219i s\u0103 aduc\u0103 rezultate remarcabile \u2013 peisajul stradal ordonat \u0219i tradi\u021biile bine p\u0103strate \u00eent\u0103resc atractivitatea peisajului \u0219i cresc, de asemenea, valoarea de pia\u021b\u0103 a bunurilor imobiliare.<\/p>\n<p>La \u00eenceputul secolului al XIX-lea, domnul conacului, Johann Batthyany, avea aceast\u0103 biseric\u0103 unic\u0103 romano-catolic\u0103 construit\u0103 \u00een stil clasicist, care a fost inaugurat\u0103 \u00een 1816 de Anton Juranics (Canon) din Pecs \u00een onoarea Sfintei Elisabeta. Deasupra altarului principal este at\u00e2rnat un tablou mare care \u00eel \u00eenf\u0103\u021bi\u0219eaz\u0103 pe Sf\u00e2nta Elisabeta d\u00e2nd poman\u0103 s\u0103racilor. Frumoasa rotund\u0103, acoperit\u0103 cu cupol\u0103 din tabl\u0103 (fost\u0103 ro\u0219ie \u2013 apoi gri \u2013 \u0219i acum din nou ro\u0219ie) poate fi v\u0103zut\u0103 de departe. Biserica este o cl\u0103dire listat\u0103.<\/p>\n<p>\u00cen sat, cultivarea propriei culturi a fost considerat\u0103 \u00eentotdeauna important\u0103, iar via\u021ba cultural\u0103 \u0219i viticultura sunt str\u00e2ns legate. Cel mai vizitat festival folcloric din Palkonya este \u201eZile Deschise \u00een Pivni\u021b\u0103\u201d, care are loc \u00een fiecare an \u00een Duminica Rusaliilor. \u00cen aceast\u0103 zi, pe l\u00e2ng\u0103 degustarea vinului, sunt organizate at\u00e2t evenimente culturale, c\u00e2t \u0219i programe pentru copii, precum \u0219i plimb\u0103ri cu tr\u0103sura \u0219i pr\u0103jitur\u0103 de sl\u0103nin\u0103.<\/p>\n<p>\u00cen mi\u0219carea \u201eSatul de cultur\u0103 european\u0103\u201d Ungaria este reprezentat\u0103 de Palkonya. \u00cen urma unei ini\u021biative olandeze, 12 sate din 12 \u021b\u0103ri europene \u0219i-au unit for\u021bele pentru a crea mi\u0219carea \u201eSatul cultural european\u201d similar cu \u201eCapitala European\u0103 a Culturii\u201d. Comunit\u0103\u021bile membre din Danemarca, Germania, Anglia, Fran\u021ba, Grecia, Italia, Olanda, Austria, Spania, Republica Ceh\u0103 \u0219i Ungaria se \u00eent\u00e2lnesc de mai multe ori pe an datorit\u0103 unui plan de program de zece ani. Acest plan include \u00eent\u00e2lniri \u00eentre popula\u021bii, tabere de studen\u021bi \u0219i tineri \u0219i o conferin\u021b\u0103 anual\u0103. \u00cen 2007, Palkonya a g\u0103zduit evenimentele \u201eSatului Cultural European\u201d.<\/p>\n\t\t\t\t\t\t\t\t<\/div>\n\t\t\t\t<\/div>\n\t\t\t\t\t<\/div>\n\t\t<\/div>\n\t\t\t\t\t<\/div>\n\t\t<\/section>\n\t\t\t\t<\/div>\n\t\t","protected":false},"excerpt":{"rendered":"<p>Residentia Palkonya se afl\u0103 \u00een cartierul Baranya din sudul Ungariei \u0219i este situat pe poalele de nord-est ale mun\u021bilor Vill\u00e1ny. Municipalitatea are 350 de locuitori \u0219i este membru fondator al Asocia\u021biei de degustare de vinuri \u201eVill\u00e1ny-Sikl\u00f3s\u201d. Nu numai de vinuri enumerate-pivni\u021ba, vinurile ro\u0219ii de foc \u0219i ospitalitatea de winegrowers, dar, de asemenea, BirdLife \u0219i lini\u0219tea [&hellip;]<\/p>\n","protected":false},"author":1,"featured_media":0,"parent":23784,"menu_order":6,"comment_status":"closed","ping_status":"closed","template":"page-templates\/fullwidth-content.php","meta":{"inline_featured_image":false,"footnotes":""},"class_list":["post-23830","page","type-page","status-publish","hentry"],"_links":{"self":[{"href":"https:\/\/www.bauer-diagnostics.com\/ro\/wp-json\/wp\/v2\/pages\/23830","targetHints":{"allow":["GET"]}}],"collection":[{"href":"https:\/\/www.bauer-diagnostics.com\/ro\/wp-json\/wp\/v2\/pages"}],"about":[{"href":"https:\/\/www.bauer-diagnostics.com\/ro\/wp-json\/wp\/v2\/types\/page"}],"author":[{"embeddable":true,"href":"https:\/\/www.bauer-diagnostics.com\/ro\/wp-json\/wp\/v2\/users\/1"}],"replies":[{"embeddable":true,"href":"https:\/\/www.bauer-diagnostics.com\/ro\/wp-json\/wp\/v2\/comments?post=23830"}],"version-history":[{"count":3,"href":"https:\/\/www.bauer-diagnostics.com\/ro\/wp-json\/wp\/v2\/pages\/23830\/revisions"}],"predecessor-version":[{"id":26377,"href":"https:\/\/www.bauer-diagnostics.com\/ro\/wp-json\/wp\/v2\/pages\/23830\/revisions\/26377"}],"up":[{"embeddable":true,"href":"https:\/\/www.bauer-diagnostics.com\/ro\/wp-json\/wp\/v2\/pages\/23784"}],"wp:attachment":[{"href":"https:\/\/www.bauer-diagnostics.com\/ro\/wp-json\/wp\/v2\/media?parent=23830"}],"curies":[{"name":"wp","href":"https:\/\/api.w.org\/{rel}","templated":true}]}}