{"id":22288,"date":"2025-10-15T10:20:54","date_gmt":"2025-10-15T08:20:54","guid":{"rendered":"https:\/\/p698827.webspaceconfig.de\/prelegeri\/"},"modified":"2026-03-14T14:54:51","modified_gmt":"2026-03-14T13:54:51","slug":"prelegeri","status":"publish","type":"page","link":"https:\/\/www.bauer-diagnostics.com\/ro\/prelegeri\/","title":{"rendered":"Prelegeri"},"content":{"rendered":"\t\t<div data-elementor-type=\"wp-post\" data-elementor-id=\"22288\" class=\"elementor elementor-22288 elementor-20434\" data-elementor-post-type=\"page\">\n\t\t\t\t\t\t<section class=\"elementor-section elementor-top-section elementor-element elementor-element-df43c54 elementor-section-boxed elementor-section-height-default elementor-section-height-default\" data-id=\"df43c54\" data-element_type=\"section\" data-e-type=\"section\" data-settings=\"{&quot;jet_parallax_layout_list&quot;:[],&quot;background_background&quot;:&quot;classic&quot;}\">\n\t\t\t\t\t\t<div class=\"elementor-container elementor-column-gap-default\">\n\t\t\t\t\t<div class=\"elementor-column elementor-col-100 elementor-top-column elementor-element elementor-element-26ae2a8\" data-id=\"26ae2a8\" data-element_type=\"column\" data-e-type=\"column\">\n\t\t\t<div class=\"elementor-widget-wrap elementor-element-populated\">\n\t\t\t\t\t\t<div class=\"elementor-element elementor-element-92bd35a elementor-widget elementor-widget-spacer\" data-id=\"92bd35a\" data-element_type=\"widget\" data-e-type=\"widget\" data-widget_type=\"spacer.default\">\n\t\t\t\t<div class=\"elementor-widget-container\">\n\t\t\t\t\t\t\t<div class=\"elementor-spacer\">\n\t\t\t<div class=\"elementor-spacer-inner\"><\/div>\n\t\t<\/div>\n\t\t\t\t\t\t<\/div>\n\t\t\t\t<\/div>\n\t\t\t\t\t<\/div>\n\t\t<\/div>\n\t\t\t\t\t<\/div>\n\t\t<\/section>\n\t\t\t\t<section class=\"elementor-section elementor-top-section elementor-element elementor-element-f52a295 elementor-section-boxed elementor-section-height-default elementor-section-height-default\" data-id=\"f52a295\" data-element_type=\"section\" data-e-type=\"section\" data-settings=\"{&quot;jet_parallax_layout_list&quot;:[],&quot;background_background&quot;:&quot;classic&quot;}\">\n\t\t\t\t\t\t<div class=\"elementor-container elementor-column-gap-default\">\n\t\t\t\t\t<div class=\"elementor-column elementor-col-100 elementor-top-column elementor-element elementor-element-fa8e966\" data-id=\"fa8e966\" data-element_type=\"column\" data-e-type=\"column\">\n\t\t\t<div class=\"elementor-widget-wrap elementor-element-populated\">\n\t\t\t\t\t\t<div class=\"elementor-element elementor-element-83c62d2 elementor-widget elementor-widget-heading\" data-id=\"83c62d2\" data-element_type=\"widget\" data-e-type=\"widget\" data-widget_type=\"heading.default\">\n\t\t\t\t<div class=\"elementor-widget-container\">\n\t\t\t\t\t<h1 class=\"elementor-heading-title elementor-size-default\"><span style=\"color: #Ff6600\">Prelegeri<\/span> \u00een domeniul diagnosticului radiologic<\/h1>\t\t\t\t<\/div>\n\t\t\t\t<\/div>\n\t\t\t\t\t<\/div>\n\t\t<\/div>\n\t\t\t\t\t<\/div>\n\t\t<\/section>\n\t\t\t\t<section class=\"elementor-section elementor-top-section elementor-element elementor-element-3b3dce1 elementor-section-boxed elementor-section-height-default elementor-section-height-default\" data-id=\"3b3dce1\" data-element_type=\"section\" data-e-type=\"section\" data-settings=\"{&quot;jet_parallax_layout_list&quot;:[],&quot;background_background&quot;:&quot;gradient&quot;}\">\n\t\t\t\t\t\t<div class=\"elementor-container elementor-column-gap-default\">\n\t\t\t\t\t<div class=\"elementor-column elementor-col-50 elementor-top-column elementor-element elementor-element-7a569e3\" data-id=\"7a569e3\" data-element_type=\"column\" data-e-type=\"column\">\n\t\t\t<div class=\"elementor-widget-wrap elementor-element-populated\">\n\t\t\t\t\t\t<div class=\"elementor-element elementor-element-8952656 elementor-widget elementor-widget-image\" data-id=\"8952656\" data-element_type=\"widget\" data-e-type=\"widget\" data-widget_type=\"image.default\">\n\t\t\t\t<div class=\"elementor-widget-container\">\n\t\t\t\t\t\t\t\t\t\t\t\t\t\t\t<img fetchpriority=\"high\" decoding=\"async\" width=\"1000\" height=\"858\" src=\"https:\/\/www.bauer-diagnostics.com\/wp-content\/uploads\/2025\/10\/Bauer_Vortraege.webp\" class=\"attachment-large size-large wp-image-22287\" alt=\"\" srcset=\"https:\/\/www.bauer-diagnostics.com\/wp-content\/uploads\/2025\/10\/Bauer_Vortraege.webp 1000w, https:\/\/www.bauer-diagnostics.com\/wp-content\/uploads\/2025\/10\/Bauer_Vortraege-300x257.webp 300w, https:\/\/www.bauer-diagnostics.com\/wp-content\/uploads\/2025\/10\/Bauer_Vortraege-768x659.webp 768w, https:\/\/www.bauer-diagnostics.com\/wp-content\/uploads\/2025\/10\/Bauer_Vortraege-600x515.webp 600w\" sizes=\"(max-width: 1000px) 100vw, 1000px\" \/>\t\t\t\t\t\t\t\t\t\t\t\t\t\t\t<\/div>\n\t\t\t\t<\/div>\n\t\t\t\t\t<\/div>\n\t\t<\/div>\n\t\t\t\t<div class=\"elementor-column elementor-col-50 elementor-top-column elementor-element elementor-element-193a077\" data-id=\"193a077\" data-element_type=\"column\" data-e-type=\"column\">\n\t\t\t<div class=\"elementor-widget-wrap elementor-element-populated\">\n\t\t\t\t\t\t<div class=\"elementor-element elementor-element-44685ab elementor-widget elementor-widget-heading\" data-id=\"44685ab\" data-element_type=\"widget\" data-e-type=\"widget\" data-widget_type=\"heading.default\">\n\t\t\t\t<div class=\"elementor-widget-container\">\n\t\t\t\t\t<h2 class=\"elementor-heading-title elementor-size-default\">Experimenta\u021bi perspective inspiratoare \u0219i perspective interesante - l\u0103sa\u021bi-v\u0103 inspira\u021bi de prezent\u0103rile mele!<\/h2>\t\t\t\t<\/div>\n\t\t\t\t<\/div>\n\t\t\t\t<div class=\"elementor-element elementor-element-a047646 elementor-widget__width-initial elementor-widget elementor-widget-text-editor\" data-id=\"a047646\" data-element_type=\"widget\" data-e-type=\"widget\" data-widget_type=\"text-editor.default\">\n\t\t\t\t<div class=\"elementor-widget-container\">\n\t\t\t\t\t\t\t\t\t<p><span style=\"color: #ff6600;\">Dr. med. Ferdinand Bauer<\/span> este expert \u00een diagnostic radiologic, autor al diverselor publica\u021bii de specialitate \u0219i stimat vorbitor \u0219i ini\u021biator al diferitelor simpozioane. Prestigiul s\u0103u academic este de cea mai mare importan\u021b\u0103!<\/p>\n<p>Educa\u021bia medical\u0103 continu\u0103 este o sarcin\u0103 medical\u0103 primar\u0103 \u00een beneficiul pacien\u021bilor. Inova\u021biile tehnologice necesit\u0103 o extindere constant\u0103 a propriilor abilit\u0103\u021bi \u0219i cuno\u0219tin\u021be.<\/p>\n<p><span style=\"color: #ff6600;\">Bucura\u021bi-v\u0103 de prelegerile mele!<\/span><\/p>\n\t\t\t\t\t\t\t\t<\/div>\n\t\t\t\t<\/div>\n\t\t\t\t\t<\/div>\n\t\t<\/div>\n\t\t\t\t\t<\/div>\n\t\t<\/section>\n\t\t\t\t<section class=\"elementor-section elementor-top-section elementor-element elementor-element-60340db elementor-section-boxed elementor-section-height-default elementor-section-height-default\" data-id=\"60340db\" data-element_type=\"section\" data-e-type=\"section\" data-settings=\"{&quot;jet_parallax_layout_list&quot;:[],&quot;background_background&quot;:&quot;classic&quot;}\">\n\t\t\t\t\t\t<div class=\"elementor-container elementor-column-gap-default\">\n\t\t\t\t\t<div class=\"elementor-column elementor-col-100 elementor-top-column elementor-element elementor-element-b772c3d\" data-id=\"b772c3d\" data-element_type=\"column\" data-e-type=\"column\">\n\t\t\t<div class=\"elementor-widget-wrap elementor-element-populated\">\n\t\t\t\t\t\t<div class=\"elementor-element elementor-element-36539fd elementor-widget elementor-widget-heading\" data-id=\"36539fd\" data-element_type=\"widget\" data-e-type=\"widget\" data-widget_type=\"heading.default\">\n\t\t\t\t<div class=\"elementor-widget-container\">\n\t\t\t\t\t<h1 class=\"elementor-heading-title elementor-size-default\">Prelegeri<\/h1>\t\t\t\t<\/div>\n\t\t\t\t<\/div>\n\t\t\t\t\t<\/div>\n\t\t<\/div>\n\t\t\t\t\t<\/div>\n\t\t<\/section>\n\t\t\t\t<\/div>\n\t\t","protected":false},"excerpt":{"rendered":"<p>Prelegeri \u00een domeniul diagnosticului radiologic Experimenta\u021bi perspective inspiratoare \u0219i perspective interesante &#8211; l\u0103sa\u021bi-v\u0103 inspira\u021bi de prezent\u0103rile mele! Dr. med. Ferdinand Bauer este expert \u00een diagnostic radiologic, autor al diverselor publica\u021bii de specialitate \u0219i stimat vorbitor \u0219i ini\u021biator al diferitelor simpozioane. Prestigiul s\u0103u academic este de cea mai mare importan\u021b\u0103! Educa\u021bia medical\u0103 continu\u0103 este o sarcin\u0103 [&hellip;]<\/p>\n","protected":false},"author":1,"featured_media":0,"parent":0,"menu_order":4,"comment_status":"closed","ping_status":"closed","template":"page-templates\/fullwidth-content.php","meta":{"inline_featured_image":false,"footnotes":""},"class_list":["post-22288","page","type-page","status-publish","hentry"],"_links":{"self":[{"href":"https:\/\/www.bauer-diagnostics.com\/ro\/wp-json\/wp\/v2\/pages\/22288","targetHints":{"allow":["GET"]}}],"collection":[{"href":"https:\/\/www.bauer-diagnostics.com\/ro\/wp-json\/wp\/v2\/pages"}],"about":[{"href":"https:\/\/www.bauer-diagnostics.com\/ro\/wp-json\/wp\/v2\/types\/page"}],"author":[{"embeddable":true,"href":"https:\/\/www.bauer-diagnostics.com\/ro\/wp-json\/wp\/v2\/users\/1"}],"replies":[{"embeddable":true,"href":"https:\/\/www.bauer-diagnostics.com\/ro\/wp-json\/wp\/v2\/comments?post=22288"}],"version-history":[{"count":12,"href":"https:\/\/www.bauer-diagnostics.com\/ro\/wp-json\/wp\/v2\/pages\/22288\/revisions"}],"predecessor-version":[{"id":26389,"href":"https:\/\/www.bauer-diagnostics.com\/ro\/wp-json\/wp\/v2\/pages\/22288\/revisions\/26389"}],"wp:attachment":[{"href":"https:\/\/www.bauer-diagnostics.com\/ro\/wp-json\/wp\/v2\/media?parent=22288"}],"curies":[{"name":"wp","href":"https:\/\/api.w.org\/{rel}","templated":true}]}}