{"id":24022,"date":"2025-11-24T15:08:38","date_gmt":"2025-11-24T14:08:38","guid":{"rendered":"https:\/\/www.bauer-diagnostics.de\/bauer-alapitvany\/"},"modified":"2026-03-14T14:25:29","modified_gmt":"2026-03-14T13:25:29","slug":"bauer-alapitvany","status":"publish","type":"page","link":"https:\/\/www.bauer-diagnostics.com\/hu\/bauer-alapitvany\/","title":{"rendered":"Bauer Alap\u00edtv\u00e1ny"},"content":{"rendered":"\t\t<div data-elementor-type=\"wp-post\" data-elementor-id=\"24022\" class=\"elementor elementor-24022 elementor-22679\" data-elementor-post-type=\"page\">\n\t\t\t\t\t\t<section class=\"elementor-section elementor-top-section elementor-element elementor-element-1732e76 elementor-section-height-min-height elementor-section-boxed elementor-section-height-default elementor-section-items-middle\" data-id=\"1732e76\" data-element_type=\"section\" data-e-type=\"section\" data-settings=\"{&quot;jet_parallax_layout_list&quot;:[],&quot;background_background&quot;:&quot;slideshow&quot;,&quot;background_slideshow_gallery&quot;:[{&quot;id&quot;:23745,&quot;url&quot;:&quot;https:\\\/\\\/www.bauer-diagnostics.com\\\/wp-content\\\/uploads\\\/2025\\\/11\\\/Wissenschaft-1.webp&quot;},{&quot;id&quot;:23746,&quot;url&quot;:&quot;https:\\\/\\\/www.bauer-diagnostics.com\\\/wp-content\\\/uploads\\\/2025\\\/11\\\/Veroeffentlichung.webp&quot;},{&quot;id&quot;:23747,&quot;url&quot;:&quot;https:\\\/\\\/www.bauer-diagnostics.com\\\/wp-content\\\/uploads\\\/2025\\\/11\\\/Symposien-1.webp&quot;}],&quot;background_slideshow_ken_burns&quot;:&quot;yes&quot;,&quot;background_slideshow_loop&quot;:&quot;yes&quot;,&quot;background_slideshow_slide_duration&quot;:5000,&quot;background_slideshow_slide_transition&quot;:&quot;fade&quot;,&quot;background_slideshow_transition_duration&quot;:500,&quot;background_slideshow_ken_burns_zoom_direction&quot;:&quot;in&quot;}\">\n\t\t\t\t\t\t\t<div class=\"elementor-background-overlay\"><\/div>\n\t\t\t\t\t\t\t<div class=\"elementor-container elementor-column-gap-default\">\n\t\t\t\t\t<div class=\"elementor-column elementor-col-50 elementor-top-column elementor-element elementor-element-601045d\" data-id=\"601045d\" data-element_type=\"column\" data-e-type=\"column\" data-settings=\"{&quot;background_background&quot;:&quot;classic&quot;}\">\n\t\t\t<div class=\"elementor-widget-wrap elementor-element-populated\">\n\t\t\t\t\t\t<div class=\"elementor-element elementor-element-2411008 elementor-widget elementor-widget-image\" data-id=\"2411008\" data-element_type=\"widget\" data-e-type=\"widget\" data-widget_type=\"image.default\">\n\t\t\t\t<div class=\"elementor-widget-container\">\n\t\t\t\t\t\t\t\t\t\t\t\t\t\t\t<img decoding=\"async\" src=\"https:\/\/www.bauer-diagnostics.com\/wp-content\/uploads\/2025\/11\/Wappen-Bauer-Foundation-entwurf-1.webp\" title=\"\" alt=\"\" loading=\"lazy\" \/>\t\t\t\t\t\t\t\t\t\t\t\t\t\t\t<\/div>\n\t\t\t\t<\/div>\n\t\t\t\t\t<\/div>\n\t\t<\/div>\n\t\t\t\t<div class=\"elementor-column elementor-col-50 elementor-top-column elementor-element elementor-element-25263e3\" data-id=\"25263e3\" data-element_type=\"column\" data-e-type=\"column\" data-settings=\"{&quot;background_background&quot;:&quot;classic&quot;}\">\n\t\t\t<div class=\"elementor-widget-wrap elementor-element-populated\">\n\t\t\t\t\t\t<div class=\"elementor-element elementor-element-d6c33e0 elementor-widget elementor-widget-heading\" data-id=\"d6c33e0\" data-element_type=\"widget\" data-e-type=\"widget\" data-widget_type=\"heading.default\">\n\t\t\t\t<div class=\"elementor-widget-container\">\n\t\t\t\t\t<h1 class=\"elementor-heading-title elementor-size-default\"><span style=\"color: #Ff6600\">Bauer Alap\u00edtv\u00e1ny <\/span> az <BR>Orvostudom\u00e1ny\u00e9rt <BR>\u00e9s Kutat\u00e1s\u00e9rt<\/h1>\t\t\t\t<\/div>\n\t\t\t\t<\/div>\n\t\t\t\t<div class=\"elementor-element elementor-element-a047646 elementor-widget elementor-widget-text-editor\" data-id=\"a047646\" data-element_type=\"widget\" data-e-type=\"widget\" data-widget_type=\"text-editor.default\">\n\t\t\t\t<div class=\"elementor-widget-container\">\n\t\t\t\t\t\t\t\t\t<p><strong><em><span style=\"color: #ff6600;\">\u2022 <\/span>A tud\u00e1s el\u0151mozd\u00edt\u00e1sa<br \/>\n<span style=\"color: #ff6600;\">\u2022 <\/span>A felel\u0151ss\u00e9g meg\u00e9l\u00e9se<br \/>\n<\/em><\/strong><strong><em><span style=\"color: #ff6600;\">\u2022 <\/span>A j\u00f6v\u0151 alak\u00edt\u00e1sa<\/em><\/strong><\/p>\n\t\t\t\t\t\t\t\t<\/div>\n\t\t\t\t<\/div>\n\t\t\t\t\t<\/div>\n\t\t<\/div>\n\t\t\t\t\t<\/div>\n\t\t<\/section>\n\t\t\t\t<section class=\"elementor-section elementor-top-section elementor-element elementor-element-8c93672 elementor-section-boxed elementor-section-height-default elementor-section-height-default\" data-id=\"8c93672\" data-element_type=\"section\" data-e-type=\"section\" data-settings=\"{&quot;jet_parallax_layout_list&quot;:[],&quot;background_background&quot;:&quot;gradient&quot;}\">\n\t\t\t\t\t\t<div class=\"elementor-container elementor-column-gap-default\">\n\t\t\t\t\t<div class=\"elementor-column elementor-col-100 elementor-top-column elementor-element elementor-element-4c79af0\" data-id=\"4c79af0\" data-element_type=\"column\" data-e-type=\"column\">\n\t\t\t<div class=\"elementor-widget-wrap elementor-element-populated\">\n\t\t\t\t\t\t<section class=\"elementor-section elementor-inner-section elementor-element elementor-element-cef3075 elementor-section-boxed elementor-section-height-default elementor-section-height-default\" data-id=\"cef3075\" data-element_type=\"section\" data-e-type=\"section\" data-settings=\"{&quot;jet_parallax_layout_list&quot;:[]}\">\n\t\t\t\t\t\t<div class=\"elementor-container elementor-column-gap-default\">\n\t\t\t\t\t<div class=\"elementor-column elementor-col-50 elementor-inner-column elementor-element elementor-element-8c36fd2\" data-id=\"8c36fd2\" data-element_type=\"column\" data-e-type=\"column\">\n\t\t\t<div class=\"elementor-widget-wrap elementor-element-populated\">\n\t\t\t\t\t\t<div class=\"elementor-element elementor-element-6d9e2a4 elementor-widget elementor-widget-heading\" data-id=\"6d9e2a4\" data-element_type=\"widget\" data-e-type=\"widget\" data-widget_type=\"heading.default\">\n\t\t\t\t<div class=\"elementor-widget-container\">\n\t\t\t\t\t<h2 class=\"elementor-heading-title elementor-size-default\">Egy alap\u00edtv\u00e1ny a k\u00f6vetkez\u0151 gener\u00e1ci\u00f3s orvostudom\u00e1ny\u00e9rt \u2013 nemzetk\u00f6zi, gyakorlatorient\u00e1lt \u00e9s tudom\u00e1nyosan megalapozott.<\/h2>\t\t\t\t<\/div>\n\t\t\t\t<\/div>\n\t\t\t\t<div class=\"elementor-element elementor-element-ffceb29 elementor-widget elementor-widget-heading\" data-id=\"ffceb29\" data-element_type=\"widget\" data-e-type=\"widget\" data-widget_type=\"heading.default\">\n\t\t\t\t<div class=\"elementor-widget-container\">\n\t\t\t\t\t<h2 class=\"elementor-heading-title elementor-size-default\">Fiatal orvosok t\u00e1mogat\u00e1sa a radiol\u00f3gia, seb\u00e9szet \u00e9s onkol\u00f3gia ter\u00fclet\u00e9n<\/h2>\t\t\t\t<\/div>\n\t\t\t\t<\/div>\n\t\t\t\t<div class=\"elementor-element elementor-element-cb3253f elementor-widget elementor-widget-text-editor\" data-id=\"cb3253f\" data-element_type=\"widget\" data-e-type=\"widget\" data-widget_type=\"text-editor.default\">\n\t\t\t\t<div class=\"elementor-widget-container\">\n\t\t\t\t\t\t\t\t\t<p>A Bauer Alap\u00edtv\u00e1ny elk\u00f6telezett fiatal orvosokat t\u00e1mogat, akik klinikai \u00e9s tudom\u00e1nyos k\u00e9pess\u00e9geiket szeretn\u00e9k tov\u00e1bbfejleszteni. T\u00e1mogat\u00e1si programjaink kiv\u00e1l\u00f3 k\u00e9pz\u00e9st \u00f6tv\u00f6znek nemzetk\u00f6zi egy\u00fcttm\u0171k\u00f6d\u00e9ssel \u2013 k\u00fcl\u00f6n\u00f6sen N\u00e9metorsz\u00e1g, Rom\u00e1nia \u00e9s Magyarorsz\u00e1g k\u00f6z\u00f6tt. C\u00e9lunk, hogy k\u00eds\u00e9rj\u00fck a fiatal orvosokat a klinikai kompetencia \u00e9s a tudom\u00e1nyos kiv\u00e1l\u00f3s\u00e1g fel\u00e9 vezet\u0151 \u00faton. \u00d6szt\u00f6nd\u00edjak, szakmai gyakorlatok, k\u00fclf\u00f6ldi programok \u00e9s szem\u00e9lyes mentor\u00e1l\u00e1s r\u00e9v\u00e9n olyan lehet\u0151s\u00e9geket teremt\u00fcnk, amelyek egy\u00e9bk\u00e9nt ritk\u00e1n el\u00e9rhet\u0151k.<\/p>\n\t\t\t\t\t\t\t\t<\/div>\n\t\t\t\t<\/div>\n\t\t\t\t<div class=\"elementor-element elementor-element-15bd758 elementor-widget elementor-widget-heading\" data-id=\"15bd758\" data-element_type=\"widget\" data-e-type=\"widget\" data-widget_type=\"heading.default\">\n\t\t\t\t<div class=\"elementor-widget-container\">\n\t\t\t\t\t<h2 class=\"elementor-heading-title elementor-size-default\">Az Alap\u00edtv\u00e1ny c\u00e9lja<\/h2>\t\t\t\t<\/div>\n\t\t\t\t<\/div>\n\t\t\t\t<div class=\"elementor-element elementor-element-fdcffcd elementor-widget elementor-widget-text-editor\" data-id=\"fdcffcd\" data-element_type=\"widget\" data-e-type=\"widget\" data-widget_type=\"text-editor.default\">\n\t\t\t\t<div class=\"elementor-widget-container\">\n\t\t\t\t\t\t\t\t\t<p>A Bauer Alap\u00edtv\u00e1ny kiz\u00e1r\u00f3lag k\u00f6zhaszn\u00fa c\u00e9lokat szolg\u00e1l a n\u00e9met ad\u00f3t\u00f6rv\u00e9ny (\u00a7\u00a7 51 \u00e9s k\u00f6vetkez\u0151 szakaszai) \u00e9rtelm\u00e9ben.<\/p>\n\t\t\t\t\t\t\t\t<\/div>\n\t\t\t\t<\/div>\n\t\t\t\t<div class=\"elementor-element elementor-element-d680fa8 elementor-icon-list--layout-traditional elementor-list-item-link-full_width elementor-widget elementor-widget-icon-list\" data-id=\"d680fa8\" data-element_type=\"widget\" data-e-type=\"widget\" data-widget_type=\"icon-list.default\">\n\t\t\t\t<div class=\"elementor-widget-container\">\n\t\t\t\t\t\t\t<ul class=\"elementor-icon-list-items\">\n\t\t\t\t\t\t\t<li class=\"elementor-icon-list-item\">\n\t\t\t\t\t\t\t\t\t\t\t<span class=\"elementor-icon-list-icon\">\n\t\t\t\t\t\t\t<i aria-hidden=\"true\" class=\"fas fa-check\"><\/i>\t\t\t\t\t\t<\/span>\n\t\t\t\t\t\t\t\t\t\t<span class=\"elementor-icon-list-text\">Tudom\u00e1nyos kutat\u00e1s \u00e9s fejleszt\u00e9s a radiol\u00f3gia, az onkol\u00f3gia \u00e9s a seb\u00e9szet ter\u00fclet\u00e9n<\/span>\n\t\t\t\t\t\t\t\t\t<\/li>\n\t\t\t\t\t\t\t\t<li class=\"elementor-icon-list-item\">\n\t\t\t\t\t\t\t\t\t\t\t<span class=\"elementor-icon-list-icon\">\n\t\t\t\t\t\t\t<i aria-hidden=\"true\" class=\"fas fa-check\"><\/i>\t\t\t\t\t\t<\/span>\n\t\t\t\t\t\t\t\t\t\t<span class=\"elementor-icon-list-text\">K\u00f6zeg\u00e9szs\u00e9g\u00fcgy \u00e9s orvosi k\u00e9pz\u00e9s<\/span>\n\t\t\t\t\t\t\t\t\t<\/li>\n\t\t\t\t\t\t\t\t<li class=\"elementor-icon-list-item\">\n\t\t\t\t\t\t\t\t\t\t\t<span class=\"elementor-icon-list-icon\">\n\t\t\t\t\t\t\t<i aria-hidden=\"true\" class=\"fas fa-check\"><\/i>\t\t\t\t\t\t<\/span>\n\t\t\t\t\t\t\t\t\t\t<span class=\"elementor-icon-list-text\">Nemzetk\u00f6zi akad\u00e9miai egy\u00fcttm\u0171k\u00f6d\u00e9s, k\u00fcl\u00f6n\u00f6s tekintettel N\u00e9metorsz\u00e1gra, Rom\u00e1ni\u00e1ra \u00e9s Magyarorsz\u00e1gra<\/span>\n\t\t\t\t\t\t\t\t\t<\/li>\n\t\t\t\t\t\t<\/ul>\n\t\t\t\t\t\t<\/div>\n\t\t\t\t<\/div>\n\t\t\t\t\t<\/div>\n\t\t<\/div>\n\t\t\t\t<div class=\"elementor-column elementor-col-50 elementor-inner-column elementor-element elementor-element-35f2053\" data-id=\"35f2053\" data-element_type=\"column\" data-e-type=\"column\">\n\t\t\t<div class=\"elementor-widget-wrap elementor-element-populated\">\n\t\t\t\t\t\t<div class=\"elementor-element elementor-element-37fe333 elementor-widget elementor-widget-image\" data-id=\"37fe333\" data-element_type=\"widget\" data-e-type=\"widget\" data-widget_type=\"image.default\">\n\t\t\t\t<div class=\"elementor-widget-container\">\n\t\t\t\t\t\t\t\t\t\t\t\t\t\t\t\t<a href=\"https:\/\/www.bauer-diagnostics.com\/wp-content\/uploads\/2025\/12\/Dr_Bauer_Stiftungsseite.webp\" data-elementor-open-lightbox=\"yes\" data-elementor-lightbox-title=\"Dr_Bauer_Stiftungsseite\" data-e-action-hash=\"#elementor-action%3Aaction%3Dlightbox%26settings%3DeyJpZCI6MjQ4MjUsInVybCI6Imh0dHBzOlwvXC93d3cuYmF1ZXItZGlhZ25vc3RpY3MuY29tXC93cC1jb250ZW50XC91cGxvYWRzXC8yMDI1XC8xMlwvRHJfQmF1ZXJfU3RpZnR1bmdzc2VpdGUud2VicCJ9\">\n\t\t\t\t\t\t\t<img fetchpriority=\"high\" decoding=\"async\" width=\"592\" height=\"657\" src=\"https:\/\/www.bauer-diagnostics.com\/wp-content\/uploads\/2025\/12\/Dr_Bauer_Stiftungsseite.webp\" class=\"attachment-large size-large wp-image-24825\" alt=\"\" srcset=\"https:\/\/www.bauer-diagnostics.com\/wp-content\/uploads\/2025\/12\/Dr_Bauer_Stiftungsseite.webp 592w, https:\/\/www.bauer-diagnostics.com\/wp-content\/uploads\/2025\/12\/Dr_Bauer_Stiftungsseite-270x300.webp 270w\" sizes=\"(max-width: 592px) 100vw, 592px\" \/>\t\t\t\t\t\t\t\t<\/a>\n\t\t\t\t\t\t\t\t\t\t\t\t\t\t\t<\/div>\n\t\t\t\t<\/div>\n\t\t\t\t<div class=\"elementor-element elementor-element-ad5dc93 elementor-flip-box--effect-zoom-in elementor-widget elementor-widget-flip-box\" data-id=\"ad5dc93\" data-element_type=\"widget\" data-e-type=\"widget\" data-widget_type=\"flip-box.default\">\n\t\t\t\t<div class=\"elementor-widget-container\">\n\t\t\t\t\t\t\t<div class=\"elementor-flip-box\" tabindex=\"0\">\n\t\t\t<div class=\"elementor-flip-box__layer elementor-flip-box__front\">\n\t\t\t\t<div class=\"elementor-flip-box__layer__overlay\">\n\t\t\t\t\t<div class=\"elementor-flip-box__layer__inner\">\n\t\t\t\t\t\t\t\t\t\t\t\t\t<div class=\"elementor-icon-wrapper elementor-view-default\">\n\t\t\t\t\t\t\t\t<div class=\"elementor-icon\">\n\t\t\t\t\t\t\t\t\t\t\t\t\t\t\t\t\t<\/div>\n\t\t\t\t\t\t\t<\/div>\n\t\t\t\t\t\t\n\t\t\t\t\t\t\t\t\t\t\t\t\t<h3 class=\"elementor-flip-box__layer__title\">\n\t\t\t\t\t\t\t\tJ\u00f6v\u0151k\u00e9p \u00e9s felel\u0151ss\u00e9g\t\t\t\t\t\t\t<\/h3>\n\t\t\t\t\t\t\n\t\t\t\t\t\t\t\t\t\t\t\t\t<p class=\"elementor-flip-box__layer__description\">\n\t\t\t\t\t\t\t\tA Bauer Alap\u00edtv\u00e1ny t\u00f6bb mint egy int\u00e9zm\u00e9ny \u2013 p\u00e1rbesz\u00e9d gener\u00e1ci\u00f3k \u00e9s szakter\u00fcletek k\u00f6z\u00f6tt.\r\nC\u00e9lja hidakat \u00e9p\u00edteni a kutat\u00e1s \u00e9s a klinikai gyakorlat, Kelet \u00e9s Nyugat, valamint a tapasztalat \u00e9s az innov\u00e1ci\u00f3 k\u00f6z\u00f6tt.\t\t\t\t\t\t\t<\/p>\n\t\t\t\t\t\t\t\t\t\t\t<\/div>\n\t\t\t\t<\/div>\n\t\t\t<\/div>\n\t\t\t<div class=\"elementor-flip-box__layer elementor-flip-box__back\">\n\t\t\t<div class=\"elementor-flip-box__layer__overlay\">\n\t\t\t\t<div class=\"elementor-flip-box__layer__inner\">\n\t\t\t\t\t\t\t\t\t\t\t<h3 class=\"elementor-flip-box__layer__title\">\n\t\t\t\t\t\t\tK\u00fcldet\u00e9s\u00fcnk:\t\t\t\t\t\t<\/h3>\n\t\t\t\t\t\n\t\t\t\t\t\t\t\t\t\t\t<p class=\"elementor-flip-box__layer__description\">\n\t\t\t\t\t\t\tA tudom\u00e1ny t\u00e1mogat\u00e1sa. Az emberiess\u00e9g meg\u0151rz\u00e9se. A j\u00f6v\u0151 alak\u00edt\u00e1sa.\t\t\t\t\t\t<\/p>\n\t\t\t\t\t\n\t\t\t\t\t\t\t\t<\/div>\n\t\t<\/div>\n\t\t<\/div>\n\t\t<\/div>\n\t\t\t\t\t\t<\/div>\n\t\t\t\t<\/div>\n\t\t\t\t<div class=\"elementor-element elementor-element-eaa2d8c elementor-icon-list--layout-traditional elementor-list-item-link-full_width elementor-widget elementor-widget-icon-list\" data-id=\"eaa2d8c\" data-element_type=\"widget\" data-e-type=\"widget\" data-widget_type=\"icon-list.default\">\n\t\t\t\t<div class=\"elementor-widget-container\">\n\t\t\t\t\t\t\t<ul class=\"elementor-icon-list-items\">\n\t\t\t\t\t\t\t<li class=\"elementor-icon-list-item\">\n\t\t\t\t\t\t\t\t\t\t<span class=\"elementor-icon-list-text\"><strong>Kapcsolat \u00e9s adom\u00e1nyoz\u00e1si inform\u00e1ci\u00f3k<\/strong><\/span>\n\t\t\t\t\t\t\t\t\t<\/li>\n\t\t\t\t\t\t\t\t<li class=\"elementor-icon-list-item\">\n\t\t\t\t\t\t\t\t\t\t\t<a href=\"mailto:stiftung@bauer-diagnostics.com%20%20%20%20\">\n\n\t\t\t\t\t\t\t\t\t\t\t\t<span class=\"elementor-icon-list-icon\">\n\t\t\t\t\t\t\t<i aria-hidden=\"true\" class=\"fas fa-edit\"><\/i>\t\t\t\t\t\t<\/span>\n\t\t\t\t\t\t\t\t\t\t<span class=\"elementor-icon-list-text\">stiftung@bauer-diagnostics.com    <\/span>\n\t\t\t\t\t\t\t\t\t\t\t<\/a>\n\t\t\t\t\t\t\t\t\t<\/li>\n\t\t\t\t\t\t\t\t<li class=\"elementor-icon-list-item\">\n\t\t\t\t\t\t\t\t\t\t\t<a href=\"https:\/\/www.bauer-diagnostics.com\/hu\/\">\n\n\t\t\t\t\t\t\t\t\t\t\t\t<span class=\"elementor-icon-list-icon\">\n\t\t\t\t\t\t\t<i aria-hidden=\"true\" class=\"fas fa-globe\"><\/i>\t\t\t\t\t\t<\/span>\n\t\t\t\t\t\t\t\t\t\t<span class=\"elementor-icon-list-text\">www.bauer-diagnostics.com<\/span>\n\t\t\t\t\t\t\t\t\t\t\t<\/a>\n\t\t\t\t\t\t\t\t\t<\/li>\n\t\t\t\t\t\t<\/ul>\n\t\t\t\t\t\t<\/div>\n\t\t\t\t<\/div>\n\t\t\t\t\t<\/div>\n\t\t<\/div>\n\t\t\t\t\t<\/div>\n\t\t<\/section>\n\t\t\t\t\t<\/div>\n\t\t<\/div>\n\t\t\t\t\t<\/div>\n\t\t<\/section>\n\t\t\t\t<section class=\"elementor-section elementor-top-section elementor-element elementor-element-7a50c78 elementor-section-boxed elementor-section-height-default elementor-section-height-default\" data-id=\"7a50c78\" data-element_type=\"section\" data-e-type=\"section\" data-settings=\"{&quot;jet_parallax_layout_list&quot;:[]}\">\n\t\t\t\t\t\t<div class=\"elementor-container elementor-column-gap-default\">\n\t\t\t\t\t<div class=\"elementor-column elementor-col-100 elementor-top-column elementor-element elementor-element-1d9d12d\" data-id=\"1d9d12d\" data-element_type=\"column\" data-e-type=\"column\">\n\t\t\t<div class=\"elementor-widget-wrap elementor-element-populated\">\n\t\t\t\t\t\t<div class=\"elementor-element elementor-element-b1ca39b elementor-widget elementor-widget-heading\" data-id=\"b1ca39b\" data-element_type=\"widget\" data-e-type=\"widget\" data-widget_type=\"heading.default\">\n\t\t\t\t<div class=\"elementor-widget-container\">\n\t\t\t\t\t<h2 class=\"elementor-heading-title elementor-size-default\">A t\u00e1mogat\u00e1s f\u0151 ter\u00fcletei<\/h2>\t\t\t\t<\/div>\n\t\t\t\t<\/div>\n\t\t\t\t<div class=\"elementor-element elementor-element-ddf6ca9 elementor-widget elementor-widget-jet-image-accordion\" data-id=\"ddf6ca9\" data-element_type=\"widget\" data-e-type=\"widget\" data-widget_type=\"jet-image-accordion.default\">\n\t\t\t\t<div class=\"elementor-widget-container\">\n\t\t\t\t\t<div class=\"elementor-jet-image-accordion jet-tabs-addons\"><div class=\"jet-image-accordion jet-image-accordion-horizontal-orientation jet-image-accordion-circ-ease\" role=\"tablist\" data-settings=\"{&quot;orientation&quot;:&quot;horizontal&quot;,&quot;activeSize&quot;:{&quot;unit&quot;:&quot;%&quot;,&quot;size&quot;:84,&quot;sizes&quot;:[]},&quot;duration&quot;:500,&quot;activeItem&quot;:-1}\">\n\t<div class=\"jet-image-accordion__list\">\n<div class=\"jet-image-accordion__item title-display-mode__on_default_state\" role=\"tab\" aria-selected=\"false\" tabindex=\"0\">\n<img decoding=\"async\" class=\"jet-image-accordion__image-instance\" src=\"https:\/\/www.bauer-diagnostics.com\/wp-content\/uploads\/2025\/11\/Wissenschaft-1.webp\" alt=\"Wissenschaft\">\n\t\t\t<h5 class=\"jet-image-accordion__title-default\">Innovat\u00edv kutat\u00e1si projektek t\u00e1mogat\u00e1sa<\/h5>\t\n\t<div class=\"jet-image-accordion__content\">\n\t\t<div class=\"jet-image-accordion__desc\">a diagnosztika, a funkcion\u00e1lis k\u00e9palkot\u00e1s \u00e9s az onkol\u00f3giai ter\u00e1pia ter\u00fclet\u00e9n.<\/div><\/div>\n\t<div class=\"jet-image-accordion__item-loader\"><span><\/span><\/div>\n<\/div>\n<div class=\"jet-image-accordion__item title-display-mode__on_default_state\" role=\"tab\" aria-selected=\"false\" tabindex=\"0\">\n<img decoding=\"async\" class=\"jet-image-accordion__image-instance\" src=\"https:\/\/www.bauer-diagnostics.com\/wp-content\/uploads\/2025\/11\/Foerderung-3.webp\" alt=\"Foerderung\">\n\t\t\t<h5 class=\"jet-image-accordion__title-default\">Fiatal orvosok t\u00e1mogat\u00e1sa<\/h5>\t\n\t<div class=\"jet-image-accordion__content\">\n\t\t<div class=\"jet-image-accordion__desc\">\u00f6szt\u00f6nd\u00edjak \u00e9s utaz\u00e1si t\u00e1mogat\u00e1sok form\u00e1j\u00e1ban tudom\u00e1nyos tov\u00e1bbk\u00e9pz\u00e9shez, kutat\u00e1si tart\u00f3zkod\u00e1sokhoz \u00e9s nemzetk\u00f6zi kongresszusokon val\u00f3 r\u00e9szv\u00e9telhez.<\/div><\/div>\n\t<div class=\"jet-image-accordion__item-loader\"><span><\/span><\/div>\n<\/div>\n<div class=\"jet-image-accordion__item title-display-mode__on_default_state\" role=\"tab\" aria-selected=\"false\" tabindex=\"0\">\n<img decoding=\"async\" class=\"jet-image-accordion__image-instance\" src=\"https:\/\/www.bauer-diagnostics.com\/wp-content\/uploads\/2025\/11\/Symposien-1.webp\" alt=\"Symposien\">\n\t\t\t<h5 class=\"jet-image-accordion__title-default\">Tudom\u00e1nyos rendezv\u00e9nyek<\/h5>\t\n\t<div class=\"jet-image-accordion__content\">\n\t\t<div class=\"jet-image-accordion__desc\">szervez\u00e9se \u00e9s t\u00e1mogat\u00e1sa, bele\u00e9rtve a radiol\u00f3gi\u00e1t, seb\u00e9szetet \u00e9s onkol\u00f3gi\u00e1t \u00f6sszekapcsol\u00f3 workshopokat, szimp\u00f3ziumokat \u00e9s interdiszciplin\u00e1ris konferenci\u00e1kat.<\/div><\/div>\n\t<div class=\"jet-image-accordion__item-loader\"><span><\/span><\/div>\n<\/div>\n<div class=\"jet-image-accordion__item title-display-mode__on_default_state\" role=\"tab\" aria-selected=\"false\" tabindex=\"0\">\n<img decoding=\"async\" class=\"jet-image-accordion__image-instance\" src=\"https:\/\/www.bauer-diagnostics.com\/wp-content\/uploads\/2025\/11\/Veroeffentlichung.webp\" alt=\"Veroeffentlichung\">\n\t\t\t<h5 class=\"jet-image-accordion__title-default\">Publik\u00e1ci\u00f3k \u00e9s tud\u00e1stranszfer<\/h5>\t\n\t<div class=\"jet-image-accordion__content\">\n\t\t<div class=\"jet-image-accordion__desc\">a t\u00e1rsadalmi jelent\u0151s\u00e9ggel b\u00edr\u00f3 tudom\u00e1nyos eredm\u00e9nyek k\u00f6zz\u00e9t\u00e9tele \u00e9s terjeszt\u00e9se r\u00e9v\u00e9n.<\/div><\/div>\n\t<div class=\"jet-image-accordion__item-loader\"><span><\/span><\/div>\n<\/div>\n<\/div>\n<\/div>\n<\/div>\t\t\t\t<\/div>\n\t\t\t\t<\/div>\n\t\t\t\t\t<\/div>\n\t\t<\/div>\n\t\t\t\t\t<\/div>\n\t\t<\/section>\n\t\t\t\t<\/div>\n\t\t","protected":false},"excerpt":{"rendered":"<p>Bauer Alap\u00edtv\u00e1ny az Orvostudom\u00e1ny\u00e9rt \u00e9s Kutat\u00e1s\u00e9rt \u2022 A tud\u00e1s el\u0151mozd\u00edt\u00e1sa \u2022 A felel\u0151ss\u00e9g meg\u00e9l\u00e9se \u2022 A j\u00f6v\u0151 alak\u00edt\u00e1sa Egy alap\u00edtv\u00e1ny a k\u00f6vetkez\u0151 gener\u00e1ci\u00f3s orvostudom\u00e1ny\u00e9rt \u2013 nemzetk\u00f6zi, gyakorlatorient\u00e1lt \u00e9s tudom\u00e1nyosan megalapozott. Fiatal orvosok t\u00e1mogat\u00e1sa a radiol\u00f3gia, seb\u00e9szet \u00e9s onkol\u00f3gia ter\u00fclet\u00e9n A Bauer Alap\u00edtv\u00e1ny elk\u00f6telezett fiatal orvosokat t\u00e1mogat, akik klinikai \u00e9s tudom\u00e1nyos k\u00e9pess\u00e9geiket szeretn\u00e9k tov\u00e1bbfejleszteni. T\u00e1mogat\u00e1si programjaink [&hellip;]<\/p>\n","protected":false},"author":1,"featured_media":0,"parent":0,"menu_order":7,"comment_status":"closed","ping_status":"closed","template":"page-templates\/fullwidth-content.php","meta":{"inline_featured_image":false,"footnotes":""},"class_list":["post-24022","page","type-page","status-publish","hentry"],"_links":{"self":[{"href":"https:\/\/www.bauer-diagnostics.com\/hu\/wp-json\/wp\/v2\/pages\/24022","targetHints":{"allow":["GET"]}}],"collection":[{"href":"https:\/\/www.bauer-diagnostics.com\/hu\/wp-json\/wp\/v2\/pages"}],"about":[{"href":"https:\/\/www.bauer-diagnostics.com\/hu\/wp-json\/wp\/v2\/types\/page"}],"author":[{"embeddable":true,"href":"https:\/\/www.bauer-diagnostics.com\/hu\/wp-json\/wp\/v2\/users\/1"}],"replies":[{"embeddable":true,"href":"https:\/\/www.bauer-diagnostics.com\/hu\/wp-json\/wp\/v2\/comments?post=24022"}],"version-history":[{"count":11,"href":"https:\/\/www.bauer-diagnostics.com\/hu\/wp-json\/wp\/v2\/pages\/24022\/revisions"}],"predecessor-version":[{"id":26452,"href":"https:\/\/www.bauer-diagnostics.com\/hu\/wp-json\/wp\/v2\/pages\/24022\/revisions\/26452"}],"wp:attachment":[{"href":"https:\/\/www.bauer-diagnostics.com\/hu\/wp-json\/wp\/v2\/media?parent=24022"}],"curies":[{"name":"wp","href":"https:\/\/api.w.org\/{rel}","templated":true}]}}