{"id":23808,"date":"2025-12-16T14:29:10","date_gmt":"2025-12-16T13:29:10","guid":{"rendered":"https:\/\/www.bauer-diagnostics.de\/konferenciak\/ingatlan\/"},"modified":"2026-03-14T13:18:33","modified_gmt":"2026-03-14T12:18:33","slug":"ingatlan","status":"publish","type":"page","link":"https:\/\/www.bauer-diagnostics.com\/hu\/konferenciak\/ingatlan\/","title":{"rendered":"Ingatlan"},"content":{"rendered":"\t\t<div data-elementor-type=\"wp-post\" data-elementor-id=\"23808\" class=\"elementor elementor-23808 elementor-22851\" data-elementor-post-type=\"page\">\n\t\t\t\t\t\t<section class=\"elementor-section elementor-top-section elementor-element elementor-element-df43c54 elementor-section-boxed elementor-section-height-default elementor-section-height-default\" data-id=\"df43c54\" data-element_type=\"section\" data-e-type=\"section\" data-settings=\"{&quot;jet_parallax_layout_list&quot;:[],&quot;background_background&quot;:&quot;slideshow&quot;,&quot;background_slideshow_gallery&quot;:[{&quot;id&quot;:23767,&quot;url&quot;:&quot;https:\\\/\\\/www.bauer-diagnostics.com\\\/wp-content\\\/uploads\\\/2025\\\/10\\\/Slide_anwesen_01.webp&quot;},{&quot;id&quot;:23768,&quot;url&quot;:&quot;https:\\\/\\\/www.bauer-diagnostics.com\\\/wp-content\\\/uploads\\\/2025\\\/10\\\/Slide_anwesen_06.webp&quot;},{&quot;id&quot;:23769,&quot;url&quot;:&quot;https:\\\/\\\/www.bauer-diagnostics.com\\\/wp-content\\\/uploads\\\/2025\\\/10\\\/Slide_anwesen_05.webp&quot;},{&quot;id&quot;:23770,&quot;url&quot;:&quot;https:\\\/\\\/www.bauer-diagnostics.com\\\/wp-content\\\/uploads\\\/2025\\\/10\\\/Slide_anwesen_04.webp&quot;},{&quot;id&quot;:23771,&quot;url&quot;:&quot;https:\\\/\\\/www.bauer-diagnostics.com\\\/wp-content\\\/uploads\\\/2025\\\/10\\\/Slide_anwesen_02.webp&quot;}],&quot;background_slideshow_ken_burns&quot;:&quot;yes&quot;,&quot;background_slideshow_loop&quot;:&quot;yes&quot;,&quot;background_slideshow_slide_duration&quot;:5000,&quot;background_slideshow_slide_transition&quot;:&quot;fade&quot;,&quot;background_slideshow_transition_duration&quot;:500,&quot;background_slideshow_ken_burns_zoom_direction&quot;:&quot;in&quot;}\">\n\t\t\t\t\t\t<div class=\"elementor-container elementor-column-gap-default\">\n\t\t\t\t\t<div class=\"elementor-column elementor-col-100 elementor-top-column elementor-element elementor-element-26ae2a8\" data-id=\"26ae2a8\" data-element_type=\"column\" data-e-type=\"column\">\n\t\t\t<div class=\"elementor-widget-wrap elementor-element-populated\">\n\t\t\t\t\t\t<div class=\"elementor-element elementor-element-92bd35a elementor-widget elementor-widget-spacer\" data-id=\"92bd35a\" data-element_type=\"widget\" data-e-type=\"widget\" data-widget_type=\"spacer.default\">\n\t\t\t\t<div class=\"elementor-widget-container\">\n\t\t\t\t\t\t\t<div class=\"elementor-spacer\">\n\t\t\t<div class=\"elementor-spacer-inner\"><\/div>\n\t\t<\/div>\n\t\t\t\t\t\t<\/div>\n\t\t\t\t<\/div>\n\t\t\t\t\t<\/div>\n\t\t<\/div>\n\t\t\t\t\t<\/div>\n\t\t<\/section>\n\t\t\t\t<section class=\"elementor-section elementor-top-section elementor-element elementor-element-f52a295 elementor-section-boxed elementor-section-height-default elementor-section-height-default\" data-id=\"f52a295\" data-element_type=\"section\" data-e-type=\"section\" data-settings=\"{&quot;jet_parallax_layout_list&quot;:[],&quot;background_background&quot;:&quot;classic&quot;}\">\n\t\t\t\t\t\t<div class=\"elementor-container elementor-column-gap-default\">\n\t\t\t\t\t<div class=\"elementor-column elementor-col-100 elementor-top-column elementor-element elementor-element-fa8e966\" data-id=\"fa8e966\" data-element_type=\"column\" data-e-type=\"column\">\n\t\t\t<div class=\"elementor-widget-wrap elementor-element-populated\">\n\t\t\t\t\t\t<div class=\"elementor-element elementor-element-83c62d2 elementor-widget elementor-widget-heading\" data-id=\"83c62d2\" data-element_type=\"widget\" data-e-type=\"widget\" data-widget_type=\"heading.default\">\n\t\t\t\t<div class=\"elementor-widget-container\">\n\t\t\t\t\t<h1 class=\"elementor-heading-title elementor-size-default\">Az <span style=\"color: #Ff6600\"> ingatlan<\/span><\/h1>\t\t\t\t<\/div>\n\t\t\t\t<\/div>\n\t\t\t\t\t<\/div>\n\t\t<\/div>\n\t\t\t\t\t<\/div>\n\t\t<\/section>\n\t\t\t\t<section class=\"elementor-section elementor-top-section elementor-element elementor-element-3b3dce1 elementor-section-boxed elementor-section-height-default elementor-section-height-default\" data-id=\"3b3dce1\" data-element_type=\"section\" data-e-type=\"section\" data-settings=\"{&quot;jet_parallax_layout_list&quot;:[],&quot;background_background&quot;:&quot;classic&quot;}\">\n\t\t\t\t\t\t<div class=\"elementor-container elementor-column-gap-default\">\n\t\t\t\t\t<div class=\"elementor-column elementor-col-50 elementor-top-column elementor-element elementor-element-7a569e3\" data-id=\"7a569e3\" data-element_type=\"column\" data-e-type=\"column\">\n\t\t\t<div class=\"elementor-widget-wrap elementor-element-populated\">\n\t\t\t\t\t\t<div class=\"elementor-element elementor-element-a047646 elementor-widget elementor-widget-text-editor\" data-id=\"a047646\" data-element_type=\"widget\" data-e-type=\"widget\" data-widget_type=\"text-editor.default\">\n\t\t\t\t<div class=\"elementor-widget-container\">\n\t\t\t\t\t\t\t\t\t<p>A Palkonya k\u00f6zs\u00e9g a d\u00e9l-magyarorsz\u00e1gi Baranya ker\u00fcletben, a Vill\u00e1nyi hegys\u00e9g \u00e9szakkeleti l\u00e1b\u00e1n\u00e1l fekszik. A k\u00f6zs\u00e9g 350 lakossal rendelkezik, \u00e9s alap\u00edt\u00f3 tagja a Vill\u00e1nyi-Sikl\u00f3s bork\u00f3stol\u00f3 egyes\u00fcletnek. Minden \u00e9vben a felsorolt pinc\u00e9k, a t\u00fczes v\u00f6r\u00f6sborok \u00e9s a bor\u00e1szok vend\u00e9gszeretete, de egyben a k\u00f6zeli halastavak csendje is egyre t\u00f6bb turist\u00e1t vonz. A Palkonya egy kis \u201e\u00e9kszerdoboz\u201d, 2007 eur\u00f3pai kultur\u00e1lis faluban.<\/p>\n\t\t\t\t\t\t\t\t<\/div>\n\t\t\t\t<\/div>\n\t\t\t\t\t<\/div>\n\t\t<\/div>\n\t\t\t\t<div class=\"elementor-column elementor-col-50 elementor-top-column elementor-element elementor-element-193a077\" data-id=\"193a077\" data-element_type=\"column\" data-e-type=\"column\">\n\t\t\t<div class=\"elementor-widget-wrap elementor-element-populated\">\n\t\t\t\t\t\t<div class=\"elementor-element elementor-element-91b226a elementor-widget elementor-widget-text-editor\" data-id=\"91b226a\" data-element_type=\"widget\" data-e-type=\"widget\" data-widget_type=\"text-editor.default\">\n\t\t\t\t<div class=\"elementor-widget-container\">\n\t\t\t\t\t\t\t\t\t<p>A Palkonya telep\u00fcl\u00e9st, amely eredetileg a J\u00f3 Kernendhez tartozott, a dokumentumokban eml\u00edtik el\u0151sz\u00f6r 1296-ban. Az 1526-os moh\u00e1csi csata ut\u00e1n ez a magyar r\u00e9sz t\u00f6r\u00f6k uralom al\u00e1 ker\u00fclt. 1687-ben, amikor a t\u00f6r\u00f6k hadsereg puszt\u00edt\u00f3 veres\u00e9get szenvedett Nagyhars\u00e1nyon, \u00e9s ezt a ter\u00fcletet v\u00e9g\u00fcl felszabad\u00edtott\u00e1k a t\u00f6r\u00f6k megsz\u00e1ll\u00e1s al\u00f3l, Palkony\u00e1ban 8 h\u00e1zban lakott, 20 lakosa volt. A lakosok a mez\u0151gazdas\u00e1ggal \u00e9s a sz\u0151l\u0151termeszt\u00e9ssel foglalkoztak. A t\u00f6r\u00f6k h\u00e1bor\u00fak sor\u00e1n a lakoss\u00e1g egy r\u00e9sz\u00e9t meg\u00f6lt\u00e9k a kamp\u00e1nyok k\u00f6vetkezm\u00e9nyei, egy r\u00e9sz\u00e9t elmenek\u00fclt\u00e9k vagy elrabolt\u00e1k.<\/p>\n\t\t\t\t\t\t\t\t<\/div>\n\t\t\t\t<\/div>\n\t\t\t\t\t<\/div>\n\t\t<\/div>\n\t\t\t\t\t<\/div>\n\t\t<\/section>\n\t\t\t\t<section class=\"elementor-section elementor-top-section elementor-element elementor-element-0724777 elementor-section-boxed elementor-section-height-default elementor-section-height-default\" data-id=\"0724777\" data-element_type=\"section\" data-e-type=\"section\" data-settings=\"{&quot;jet_parallax_layout_list&quot;:[],&quot;background_background&quot;:&quot;gradient&quot;}\">\n\t\t\t\t\t\t<div class=\"elementor-container elementor-column-gap-default\">\n\t\t\t\t\t<div class=\"elementor-column elementor-col-100 elementor-top-column elementor-element elementor-element-3fc87ea\" data-id=\"3fc87ea\" data-element_type=\"column\" data-e-type=\"column\">\n\t\t\t<div class=\"elementor-widget-wrap elementor-element-populated\">\n\t\t\t\t\t\t<div class=\"elementor-element elementor-element-fa943f0 elementor-widget elementor-widget-html\" data-id=\"fa943f0\" data-element_type=\"widget\" data-e-type=\"widget\" data-widget_type=\"html.default\">\n\t\t\t\t<div class=\"elementor-widget-container\">\n\t\t\t\t\t<div style=\"padding:41.89% 0 0 0;position:relative;\"><iframe src=\"https:\/\/player.vimeo.com\/video\/331563302?badge=0&amp;autopause=0&amp;player_id=0&amp;app_id=58479\" frameborder=\"0\" allow=\"autoplay; fullscreen; picture-in-picture; clipboard-write; encrypted-media; web-share\" referrerpolicy=\"strict-origin-when-cross-origin\" style=\"position:absolute;top:0;left:0;width:100%;height:100%;\" title=\"Bauer Diagnostics - Palkonya\"><\/iframe><\/div><script src=\"https:\/\/player.vimeo.com\/api\/player.js\"><\/script>\t\t\t\t<\/div>\n\t\t\t\t<\/div>\n\t\t\t\t\t<\/div>\n\t\t<\/div>\n\t\t\t\t\t<\/div>\n\t\t<\/section>\n\t\t\t\t<section class=\"elementor-section elementor-top-section elementor-element elementor-element-d1f853a elementor-section-boxed elementor-section-height-default elementor-section-height-default\" data-id=\"d1f853a\" data-element_type=\"section\" data-e-type=\"section\" data-settings=\"{&quot;jet_parallax_layout_list&quot;:[],&quot;background_background&quot;:&quot;gradient&quot;}\">\n\t\t\t\t\t\t<div class=\"elementor-container elementor-column-gap-default\">\n\t\t\t\t\t<div class=\"elementor-column elementor-col-50 elementor-top-column elementor-element elementor-element-489ed12\" data-id=\"489ed12\" data-element_type=\"column\" data-e-type=\"column\">\n\t\t\t<div class=\"elementor-widget-wrap elementor-element-populated\">\n\t\t\t\t\t\t<div class=\"elementor-element elementor-element-f693658 elementor-widget elementor-widget-text-editor\" data-id=\"f693658\" data-element_type=\"widget\" data-e-type=\"widget\" data-widget_type=\"text-editor.default\">\n\t\t\t\t<div class=\"elementor-widget-container\">\n\t\t\t\t\t\t\t\t\t<p>A r\u00e9gi\u00f3 \u00fajj\u00e1\u00e9p\u00edt\u00e9s\u00e9hez n\u00e9met, szerb \u00e9s horv\u00e1t csal\u00e1dokat telep\u00edtettek a 18. sz\u00e1zad els\u0151 harmad\u00e1ban. A r\u00e9gi\u00f3nkban az els\u0151 n\u00e9met gyarmatos\u00edt\u00f3k az 1820-as \u00e9vekben telepedtek le, de egy n\u00e9met gazda els\u0151 bejegyz\u00e9s\u00e9t csak 1745-ig lehet megtal\u00e1lni az \u00dajpetre \/ Razpeter pl\u00e9b\u00e1niatemplom nyilv\u00e1ntart\u00e1s\u00e1ban, amelyet ebben az \u00e9vben alap\u00edtottak. Az akkori megyei nyilv\u00e1ntart\u00e1sb\u00f3l l\u00e1that\u00f3, hogy Palkony\u00e1ban akkoriban 20 n\u00e9met, egy magyar \u00e9s k\u00e9t szerb csal\u00e1d \u00e9l, akiknek gyermekeit Valentin Metzing tan\u00e1r tan\u00edtotta. Noha a k\u00f6z\u00f6ss\u00e9get k\u00e9t \u00e9vsz\u00e1zadon kereszt\u00fcl kiz\u00e1r\u00f3lag a n\u00e9metek lakott\u00e1k, az 1880\u20131910-es n\u00e9psz\u00e1ml\u00e1l\u00e1sok sor\u00e1n h\u00e9t-34 ember, 1920-ban m\u00e1r 149 a magyar nemzetis\u00e9g\u0171 ember ismert. A h\u00e1bor\u00fa \u00e9s a kiutas\u00edt\u00e1s eredm\u00e9nyek\u00e9nt sok n\u00e9met csal\u00e1dnak a m\u00e1sodik vil\u00e1gh\u00e1bor\u00fa v\u00e9g\u00e9n el kellett hagynia sz\u00fcl\u0151f\u00f6ldj\u00e9t N\u00e9metorsz\u00e1g \u00e9s Ausztria ir\u00e1ny\u00e1ba. A magyar csal\u00e1dok a n\u00e9metek \u00fcres h\u00e1z\u00e1ba k\u00f6lt\u00f6ztek.<\/p>\n<p>A Palkony\u00e1ban egy\u00fctt \u00e9l\u0151 magyarok \u00e9s n\u00e9metek b\u00e9k\u00e9sen \u00e9lnek egy\u00fctt ma, egy\u00fctt dolgozva \u00e9s egym\u00e1st gondozva. A n\u00e9met kisebbs\u00e9g (a lakoss\u00e1g 35% -a) \u00e9rdekeit 2003 \u00f3ta k\u00e9pviseli a n\u00e9met kisebbs\u00e9gi \u00f6nkorm\u00e1nyzat. A falu csal\u00e1djai els\u0151sorban sz\u0151l\u0151m\u0171vel\u00e9ssel \u00e9s mez\u0151gazdas\u00e1ggal foglalkoznak, de sokan napi munk\u00e1ba ing\u00e1znak P\u00e9csre. Kilenc m\u0171v\u00e9szcsal\u00e1d \u00e9l a faluban, \u00e9s a k\u00fclf\u00f6ldr\u0151l \u00e9rkez\u0151 csal\u00e1dok sz\u00e1ma tov\u00e1bb n\u00f6vekszik. A \u201eVillany-Sikl\u00f3s\u201d bor\u00fatj\u00e1t l\u00e1togat\u00f3 turist\u00e1k \u00e9jszak\u00e1zhatnak a falu csal\u00e1dj\u00e1val, \u00e9s megk\u00f3stolhatj\u00e1k a bor\u00e1szokat. Tov\u00e1bbi inform\u00e1ci\u00f3 a www.palkonya.hu oldalon tal\u00e1lhat\u00f3.<\/p>\n<p>A falu k\u00e9pe h\u0171en meg\u0151rzi a 18. sz\u00e1zad folyam\u00e1n itt telepedett n\u00e9met bor\u00e1szok \u00e9p\u00edt\u00e9szeti kult\u00far\u00e1j\u00e1t. Az 53 pinc\u00e9b\u0151l \u00e1ll\u00f3, orsz\u00e1gosan ismert pincefalu jegyz\u00e9kbe vett \u00e9p\u00fclet. A pinc\u00e9ket a 19. sz\u00e1zad elej\u00e9t\u0151l, a borkult\u00fara korszak\u00e1ban \u00e9p\u00edtett\u00e9k. 1992-ben a helyi tan\u00e1cs a t\u00f6bb mint 52 h\u00e1zat, amelyek a n\u00e9met hagyom\u00e1nyos \u00e9p\u00edt\u00e9si kult\u00far\u00e1t k\u00e9pviselik, helyi v\u00e9delem al\u00e1 helyezt\u00e9k.<\/p>\n\t\t\t\t\t\t\t\t<\/div>\n\t\t\t\t<\/div>\n\t\t\t\t\t<\/div>\n\t\t<\/div>\n\t\t\t\t<div class=\"elementor-column elementor-col-50 elementor-top-column elementor-element elementor-element-1d984eb\" data-id=\"1d984eb\" data-element_type=\"column\" data-e-type=\"column\">\n\t\t\t<div class=\"elementor-widget-wrap elementor-element-populated\">\n\t\t\t\t\t\t<div class=\"elementor-element elementor-element-31d48d0 elementor-widget elementor-widget-text-editor\" data-id=\"31d48d0\" data-element_type=\"widget\" data-e-type=\"widget\" data-widget_type=\"text-editor.default\">\n\t\t\t\t<div class=\"elementor-widget-container\">\n\t\t\t\t\t\t\t\t\t<p>A t\u00f6rt\u00e9nelmi falu im\u00e1zs\u00e1nak meg\u0151rz\u00e9s\u00e9re ir\u00e1nyul\u00f3 kezdem\u00e9nyez\u00e9s arra k\u00e9sztette a lakosokat, hogy helyre\u00e1ll\u00edts\u00e1k otthonaikat, \u00e9s figyelemre m\u00e9lt\u00f3 eredm\u00e9nyeket hoznak \u2013 a rendezett utcak\u00e9p \u00e9s a gondozott hagyom\u00e1nyok er\u0151s\u00edtik a t\u00e1j vonzerej\u00e9t, \u00e9s n\u00f6velik az ingatlanok piaci \u00e9rt\u00e9k\u00e9t.<\/p>\n<p>A 19. sz\u00e1zad elej\u00e9n a kast\u00e9ly ura, Johann Batthy\u00e1ny, klasszicista st\u00edlusban \u00e9p\u00edtette ezt az egyed\u00fcl\u00e1ll\u00f3 r\u00f3mai katolikus templomot, amelyet P\u00e9csi Anton Juranics (Canon) 1816-ban nyitott meg Szent Erzs\u00e9bet tisztelet\u00e9re. A f\u0151 olt\u00e1r felett egy nagy festm\u00e9ny l\u00f3g, amely Szent Erzs\u00e9bet \u00e1br\u00e1zolja alamizsn\u00e1t adva a szeg\u00e9nyeknek. A gy\u00f6ny\u00f6r\u0171 kerek, f\u00e9mlemez kupol\u00e1val bor\u00edtva (kor\u00e1bban piros \u2013 majd sz\u00fcrke \u2013 \u00e9s most \u00fajra v\u00f6r\u00f6s) m\u00e1r messzir\u0151l l\u00e1that\u00f3. A templom jegyz\u00e9kbe vett \u00e9p\u00fclet.<\/p>\n<p>A faluban a saj\u00e1t kult\u00far\u00e1juk termeszt\u00e9s\u00e9t mindig is fontosnak \u00edt\u00e9lt\u00e9k, a kultur\u00e1lis \u00e9let \u00e9s a sz\u0151l\u0151m\u0171vel\u00e9s szorosan kapcsol\u00f3dnak egym\u00e1shoz. A Palkonya legl\u00e1togatottabb n\u00e9pi fesztiv\u00e1lja az \u201eNyitott Pince Napok\u201d, amelyet minden \u00e9vben a P\u00fcnk\u00f6sdi vas\u00e1rnap tartanak. Ezen a napon a bork\u00f3stol\u00e1s mellett kultur\u00e1lis rendezv\u00e9nyeket \u00e9s gyermekprogramokat is szerveznek, valamint kocsik\u00e1z\u00e1st \u00e9s szalonn\u00e1s s\u00fclt\u00f6t.<\/p>\n<p>Az \u201eEur\u00f3pai Kultur\u00e1lis Falu\u201d mozgalomban Magyarorsz\u00e1got Palkonya k\u00e9pviseli. Hollandi kezdem\u00e9nyez\u00e9s nyom\u00e1n 12 eur\u00f3pai orsz\u00e1gb\u00f3l 12 falu egyes\u00edtette er\u0151it, hogy l\u00e9trehozza az Eur\u00f3pai kultur\u00e1lis falu\u201d mozgalmat, amely hasonl\u00f3 az \u201eEur\u00f3pa kultur\u00e1lis f\u0151v\u00e1rosa\u201d. A D\u00e1nia, N\u00e9metorsz\u00e1g, Anglia, Franciaorsz\u00e1g, G\u00f6r\u00f6gorsz\u00e1g, Olaszorsz\u00e1g, Hollandia, Ausztria, Spanyolorsz\u00e1g, Csehorsz\u00e1g \u00e9s Magyarorsz\u00e1g tagk\u00f6z\u00f6ss\u00e9gei \u00e9vente t\u00f6bbsz\u00f6r tal\u00e1lkoznak egy t\u00edz\u00e9ves programterv miatt. Ez a terv mag\u00e1ban foglalja a lakoss\u00e1g k\u00f6z\u00f6tti tal\u00e1lkoz\u00f3kat, hallgat\u00f3i \u00e9s ifj\u00fas\u00e1gi t\u00e1borokat \u00e9s egy \u00e9ves konferenci\u00e1t. 2007-ben Palkonya h\u00e1zigazd\u00e1ja volt az \u201eEur\u00f3pai Kultur\u00e1lis Falu\u201d rendezv\u00e9nyeinek.<\/p>\n\t\t\t\t\t\t\t\t<\/div>\n\t\t\t\t<\/div>\n\t\t\t\t\t<\/div>\n\t\t<\/div>\n\t\t\t\t\t<\/div>\n\t\t<\/section>\n\t\t\t\t<\/div>\n\t\t","protected":false},"excerpt":{"rendered":"<p>Az ingatlan A Palkonya k\u00f6zs\u00e9g a d\u00e9l-magyarorsz\u00e1gi Baranya ker\u00fcletben, a Vill\u00e1nyi hegys\u00e9g \u00e9szakkeleti l\u00e1b\u00e1n\u00e1l fekszik. A k\u00f6zs\u00e9g 350 lakossal rendelkezik, \u00e9s alap\u00edt\u00f3 tagja a Vill\u00e1nyi-Sikl\u00f3s bork\u00f3stol\u00f3 egyes\u00fcletnek. Minden \u00e9vben a felsorolt pinc\u00e9k, a t\u00fczes v\u00f6r\u00f6sborok \u00e9s a bor\u00e1szok vend\u00e9gszeretete, de egyben a k\u00f6zeli halastavak csendje is egyre t\u00f6bb turist\u00e1t vonz. A Palkonya egy kis \u201e\u00e9kszerdoboz\u201d, [&hellip;]<\/p>\n","protected":false},"author":1,"featured_media":0,"parent":23774,"menu_order":6,"comment_status":"closed","ping_status":"closed","template":"page-templates\/fullwidth-content.php","meta":{"inline_featured_image":false,"footnotes":""},"class_list":["post-23808","page","type-page","status-publish","hentry"],"_links":{"self":[{"href":"https:\/\/www.bauer-diagnostics.com\/hu\/wp-json\/wp\/v2\/pages\/23808","targetHints":{"allow":["GET"]}}],"collection":[{"href":"https:\/\/www.bauer-diagnostics.com\/hu\/wp-json\/wp\/v2\/pages"}],"about":[{"href":"https:\/\/www.bauer-diagnostics.com\/hu\/wp-json\/wp\/v2\/types\/page"}],"author":[{"embeddable":true,"href":"https:\/\/www.bauer-diagnostics.com\/hu\/wp-json\/wp\/v2\/users\/1"}],"replies":[{"embeddable":true,"href":"https:\/\/www.bauer-diagnostics.com\/hu\/wp-json\/wp\/v2\/comments?post=23808"}],"version-history":[{"count":3,"href":"https:\/\/www.bauer-diagnostics.com\/hu\/wp-json\/wp\/v2\/pages\/23808\/revisions"}],"predecessor-version":[{"id":26376,"href":"https:\/\/www.bauer-diagnostics.com\/hu\/wp-json\/wp\/v2\/pages\/23808\/revisions\/26376"}],"up":[{"embeddable":true,"href":"https:\/\/www.bauer-diagnostics.com\/hu\/wp-json\/wp\/v2\/pages\/23774"}],"wp:attachment":[{"href":"https:\/\/www.bauer-diagnostics.com\/hu\/wp-json\/wp\/v2\/media?parent=23808"}],"curies":[{"name":"wp","href":"https:\/\/api.w.org\/{rel}","templated":true}]}}