{"id":23748,"date":"2025-12-17T15:56:31","date_gmt":"2025-12-17T14:56:31","guid":{"rendered":"https:\/\/www.bauer-diagnostics.de\/kiadvanyok\/"},"modified":"2026-01-22T15:05:54","modified_gmt":"2026-01-22T14:05:54","slug":"kiadvanyok","status":"publish","type":"page","link":"https:\/\/www.bauer-diagnostics.com\/hu\/kiadvanyok\/","title":{"rendered":"Kiadv\u00e1nyok"},"content":{"rendered":"\t\t<div data-elementor-type=\"wp-post\" data-elementor-id=\"23748\" class=\"elementor elementor-23748 elementor-23016\" data-elementor-post-type=\"page\">\n\t\t\t\t\t\t<section class=\"elementor-section elementor-top-section elementor-element elementor-element-321e4a1 elementor-section-height-min-height elementor-section-boxed elementor-section-height-default elementor-section-items-middle\" data-id=\"321e4a1\" data-element_type=\"section\" data-e-type=\"section\" data-settings=\"{&quot;jet_parallax_layout_list&quot;:[],&quot;background_background&quot;:&quot;slideshow&quot;,&quot;background_slideshow_gallery&quot;:[{&quot;id&quot;:23745,&quot;url&quot;:&quot;https:\\\/\\\/www.bauer-diagnostics.com\\\/wp-content\\\/uploads\\\/2025\\\/11\\\/Wissenschaft-1.webp&quot;},{&quot;id&quot;:23746,&quot;url&quot;:&quot;https:\\\/\\\/www.bauer-diagnostics.com\\\/wp-content\\\/uploads\\\/2025\\\/11\\\/Veroeffentlichung.webp&quot;},{&quot;id&quot;:23747,&quot;url&quot;:&quot;https:\\\/\\\/www.bauer-diagnostics.com\\\/wp-content\\\/uploads\\\/2025\\\/11\\\/Symposien-1.webp&quot;}],&quot;background_slideshow_ken_burns&quot;:&quot;yes&quot;,&quot;background_slideshow_loop&quot;:&quot;yes&quot;,&quot;background_slideshow_slide_duration&quot;:5000,&quot;background_slideshow_slide_transition&quot;:&quot;fade&quot;,&quot;background_slideshow_transition_duration&quot;:500,&quot;background_slideshow_ken_burns_zoom_direction&quot;:&quot;in&quot;}\">\n\t\t\t\t\t\t\t<div class=\"elementor-background-overlay\"><\/div>\n\t\t\t\t\t\t\t<div class=\"elementor-container elementor-column-gap-extended\">\n\t\t\t\t\t<div class=\"elementor-column elementor-col-50 elementor-top-column elementor-element elementor-element-87fb4a9\" data-id=\"87fb4a9\" data-element_type=\"column\" data-e-type=\"column\" data-settings=\"{&quot;background_background&quot;:&quot;classic&quot;}\">\n\t\t\t<div class=\"elementor-widget-wrap elementor-element-populated\">\n\t\t\t\t\t\t<div class=\"elementor-element elementor-element-f7a4122 elementor-widget elementor-widget-heading\" data-id=\"f7a4122\" data-element_type=\"widget\" data-e-type=\"widget\" data-widget_type=\"heading.default\">\n\t\t\t\t<div class=\"elementor-widget-container\">\n\t\t\t\t\t<h1 class=\"elementor-heading-title elementor-size-default\">Kiadv\u00e1nyok <span style=\"color: #Ff6600\"><BR>Dr. med. Ferdinand Bauer<\/span> <\/h1>\t\t\t\t<\/div>\n\t\t\t\t<\/div>\n\t\t\t\t<div class=\"elementor-element elementor-element-a047646 elementor-widget elementor-widget-text-editor\" data-id=\"a047646\" data-element_type=\"widget\" data-e-type=\"widget\" data-widget_type=\"text-editor.default\">\n\t\t\t\t<div class=\"elementor-widget-container\">\n\t\t\t\t\t\t\t\t\t<p><span style=\"color: #ff6600;\">Mint elismert el\u0151ad\u00f3, szerkeszt\u0151 \u00e9s publicista,<\/span> itt mutatom be tudom\u00e1nyos publik\u00e1ci\u00f3imat, amelyeknek az eredeti oldalakra mutat\u00f3 linkjei teljes terjedelm\u00fckben ny\u00fajtanak olvas\u00e1si \u00e9lm\u00e9nyt. Szeretn\u00e9m megh\u00edvni \u00d6n\u00f6ket, hogy hozz\u00e1f\u00e9rjenek ezekhez, vitass\u00e1k meg, id\u00e9zz\u00e9k \u0151ket, \u00e9s folytass\u00e1k gondolataikat saj\u00e1t kutat\u00e1saikban.<\/p>\n\t\t\t\t\t\t\t\t<\/div>\n\t\t\t\t<\/div>\n\t\t\t\t\t<\/div>\n\t\t<\/div>\n\t\t\t\t<div class=\"elementor-column elementor-col-50 elementor-top-column elementor-element elementor-element-e293ae9\" data-id=\"e293ae9\" data-element_type=\"column\" data-e-type=\"column\" data-settings=\"{&quot;background_background&quot;:&quot;classic&quot;}\">\n\t\t\t<div class=\"elementor-widget-wrap elementor-element-populated\">\n\t\t\t\t\t\t<div class=\"elementor-element elementor-element-a407b6e elementor-widget elementor-widget-image\" data-id=\"a407b6e\" data-element_type=\"widget\" data-e-type=\"widget\" data-widget_type=\"image.default\">\n\t\t\t\t<div class=\"elementor-widget-container\">\n\t\t\t\t\t\t\t\t\t\t\t\t\t\t\t<img fetchpriority=\"high\" decoding=\"async\" width=\"1000\" height=\"858\" src=\"https:\/\/www.bauer-diagnostics.com\/wp-content\/uploads\/2025\/10\/Bauer_Vortraege.webp\" class=\"attachment-large size-large wp-image-22284\" alt=\"\" srcset=\"https:\/\/www.bauer-diagnostics.com\/wp-content\/uploads\/2025\/10\/Bauer_Vortraege.webp 1000w, https:\/\/www.bauer-diagnostics.com\/wp-content\/uploads\/2025\/10\/Bauer_Vortraege-300x257.webp 300w, https:\/\/www.bauer-diagnostics.com\/wp-content\/uploads\/2025\/10\/Bauer_Vortraege-768x659.webp 768w, https:\/\/www.bauer-diagnostics.com\/wp-content\/uploads\/2025\/10\/Bauer_Vortraege-600x515.webp 600w\" sizes=\"(max-width: 1000px) 100vw, 1000px\" \/>\t\t\t\t\t\t\t\t\t\t\t\t\t\t\t<\/div>\n\t\t\t\t<\/div>\n\t\t\t\t\t<\/div>\n\t\t<\/div>\n\t\t\t\t\t<\/div>\n\t\t<\/section>\n\t\t\t\t<section class=\"elementor-section elementor-top-section elementor-element elementor-element-60340db elementor-section-boxed elementor-section-height-default elementor-section-height-default\" data-id=\"60340db\" data-element_type=\"section\" data-e-type=\"section\" data-settings=\"{&quot;jet_parallax_layout_list&quot;:[],&quot;background_background&quot;:&quot;classic&quot;}\">\n\t\t\t\t\t\t<div class=\"elementor-container elementor-column-gap-default\">\n\t\t\t\t\t<div class=\"elementor-column elementor-col-100 elementor-top-column elementor-element elementor-element-b772c3d\" data-id=\"b772c3d\" data-element_type=\"column\" data-e-type=\"column\">\n\t\t\t<div class=\"elementor-widget-wrap elementor-element-populated\">\n\t\t\t\t\t\t\t<\/div>\n\t\t<\/div>\n\t\t\t\t\t<\/div>\n\t\t<\/section>\n\t\t\t\t<\/div>\n\t\t","protected":false},"excerpt":{"rendered":"<p>Kiadv\u00e1nyok Dr. med. Ferdinand Bauer Mint elismert el\u0151ad\u00f3, szerkeszt\u0151 \u00e9s publicista, itt mutatom be tudom\u00e1nyos publik\u00e1ci\u00f3imat, amelyeknek az eredeti oldalakra mutat\u00f3 linkjei teljes terjedelm\u00fckben ny\u00fajtanak olvas\u00e1si \u00e9lm\u00e9nyt. Szeretn\u00e9m megh\u00edvni \u00d6n\u00f6ket, hogy hozz\u00e1f\u00e9rjenek ezekhez, vitass\u00e1k meg, id\u00e9zz\u00e9k \u0151ket, \u00e9s folytass\u00e1k gondolataikat saj\u00e1t kutat\u00e1saikban.<\/p>\n","protected":false},"author":1,"featured_media":0,"parent":0,"menu_order":5,"comment_status":"closed","ping_status":"closed","template":"page-templates\/fullwidth-content.php","meta":{"inline_featured_image":false,"footnotes":""},"class_list":["post-23748","page","type-page","status-publish","hentry"],"_links":{"self":[{"href":"https:\/\/www.bauer-diagnostics.com\/hu\/wp-json\/wp\/v2\/pages\/23748","targetHints":{"allow":["GET"]}}],"collection":[{"href":"https:\/\/www.bauer-diagnostics.com\/hu\/wp-json\/wp\/v2\/pages"}],"about":[{"href":"https:\/\/www.bauer-diagnostics.com\/hu\/wp-json\/wp\/v2\/types\/page"}],"author":[{"embeddable":true,"href":"https:\/\/www.bauer-diagnostics.com\/hu\/wp-json\/wp\/v2\/users\/1"}],"replies":[{"embeddable":true,"href":"https:\/\/www.bauer-diagnostics.com\/hu\/wp-json\/wp\/v2\/comments?post=23748"}],"version-history":[{"count":3,"href":"https:\/\/www.bauer-diagnostics.com\/hu\/wp-json\/wp\/v2\/pages\/23748\/revisions"}],"predecessor-version":[{"id":26097,"href":"https:\/\/www.bauer-diagnostics.com\/hu\/wp-json\/wp\/v2\/pages\/23748\/revisions\/26097"}],"wp:attachment":[{"href":"https:\/\/www.bauer-diagnostics.com\/hu\/wp-json\/wp\/v2\/media?parent=23748"}],"curies":[{"name":"wp","href":"https:\/\/api.w.org\/{rel}","templated":true}]}}