{"id":22285,"date":"2025-10-15T10:20:54","date_gmt":"2025-10-15T08:20:54","guid":{"rendered":"https:\/\/p698827.webspaceconfig.de\/eloadasok\/"},"modified":"2026-03-14T14:54:37","modified_gmt":"2026-03-14T13:54:37","slug":"eloadasok","status":"publish","type":"page","link":"https:\/\/www.bauer-diagnostics.com\/hu\/eloadasok\/","title":{"rendered":"El\u0151ad\u00e1sok"},"content":{"rendered":"\t\t<div data-elementor-type=\"wp-post\" data-elementor-id=\"22285\" class=\"elementor elementor-22285 elementor-20434\" data-elementor-post-type=\"page\">\n\t\t\t\t\t\t<section class=\"elementor-section elementor-top-section elementor-element elementor-element-df43c54 elementor-section-boxed elementor-section-height-default elementor-section-height-default\" data-id=\"df43c54\" data-element_type=\"section\" data-e-type=\"section\" data-settings=\"{&quot;jet_parallax_layout_list&quot;:[],&quot;background_background&quot;:&quot;classic&quot;}\">\n\t\t\t\t\t\t<div class=\"elementor-container elementor-column-gap-default\">\n\t\t\t\t\t<div class=\"elementor-column elementor-col-100 elementor-top-column elementor-element elementor-element-26ae2a8\" data-id=\"26ae2a8\" data-element_type=\"column\" data-e-type=\"column\">\n\t\t\t<div class=\"elementor-widget-wrap elementor-element-populated\">\n\t\t\t\t\t\t<div class=\"elementor-element elementor-element-92bd35a elementor-widget elementor-widget-spacer\" data-id=\"92bd35a\" data-element_type=\"widget\" data-e-type=\"widget\" data-widget_type=\"spacer.default\">\n\t\t\t\t<div class=\"elementor-widget-container\">\n\t\t\t\t\t\t\t<div class=\"elementor-spacer\">\n\t\t\t<div class=\"elementor-spacer-inner\"><\/div>\n\t\t<\/div>\n\t\t\t\t\t\t<\/div>\n\t\t\t\t<\/div>\n\t\t\t\t\t<\/div>\n\t\t<\/div>\n\t\t\t\t\t<\/div>\n\t\t<\/section>\n\t\t\t\t<section class=\"elementor-section elementor-top-section elementor-element elementor-element-f52a295 elementor-section-boxed elementor-section-height-default elementor-section-height-default\" data-id=\"f52a295\" data-element_type=\"section\" data-e-type=\"section\" data-settings=\"{&quot;jet_parallax_layout_list&quot;:[],&quot;background_background&quot;:&quot;classic&quot;}\">\n\t\t\t\t\t\t<div class=\"elementor-container elementor-column-gap-default\">\n\t\t\t\t\t<div class=\"elementor-column elementor-col-100 elementor-top-column elementor-element elementor-element-fa8e966\" data-id=\"fa8e966\" data-element_type=\"column\" data-e-type=\"column\">\n\t\t\t<div class=\"elementor-widget-wrap elementor-element-populated\">\n\t\t\t\t\t\t<div class=\"elementor-element elementor-element-83c62d2 elementor-widget elementor-widget-heading\" data-id=\"83c62d2\" data-element_type=\"widget\" data-e-type=\"widget\" data-widget_type=\"heading.default\">\n\t\t\t\t<div class=\"elementor-widget-container\">\n\t\t\t\t\t<h1 class=\"elementor-heading-title elementor-size-default\"><span style=\"color: #Ff6600\"> El\u0151ad\u00e1sok <\/span> radiol\u00f3giai diagnosztik\u00e1ban<\/h1>\t\t\t\t<\/div>\n\t\t\t\t<\/div>\n\t\t\t\t\t<\/div>\n\t\t<\/div>\n\t\t\t\t\t<\/div>\n\t\t<\/section>\n\t\t\t\t<section class=\"elementor-section elementor-top-section elementor-element elementor-element-3b3dce1 elementor-section-boxed elementor-section-height-default elementor-section-height-default\" data-id=\"3b3dce1\" data-element_type=\"section\" data-e-type=\"section\" data-settings=\"{&quot;jet_parallax_layout_list&quot;:[],&quot;background_background&quot;:&quot;gradient&quot;}\">\n\t\t\t\t\t\t<div class=\"elementor-container elementor-column-gap-default\">\n\t\t\t\t\t<div class=\"elementor-column elementor-col-50 elementor-top-column elementor-element elementor-element-7a569e3\" data-id=\"7a569e3\" data-element_type=\"column\" data-e-type=\"column\">\n\t\t\t<div class=\"elementor-widget-wrap elementor-element-populated\">\n\t\t\t\t\t\t<div class=\"elementor-element elementor-element-8952656 elementor-widget elementor-widget-image\" data-id=\"8952656\" data-element_type=\"widget\" data-e-type=\"widget\" data-widget_type=\"image.default\">\n\t\t\t\t<div class=\"elementor-widget-container\">\n\t\t\t\t\t\t\t\t\t\t\t\t\t\t\t<img fetchpriority=\"high\" decoding=\"async\" width=\"1000\" height=\"858\" src=\"https:\/\/www.bauer-diagnostics.com\/wp-content\/uploads\/2025\/10\/Bauer_Vortraege.webp\" class=\"attachment-large size-large wp-image-22284\" alt=\"\" srcset=\"https:\/\/www.bauer-diagnostics.com\/wp-content\/uploads\/2025\/10\/Bauer_Vortraege.webp 1000w, https:\/\/www.bauer-diagnostics.com\/wp-content\/uploads\/2025\/10\/Bauer_Vortraege-300x257.webp 300w, https:\/\/www.bauer-diagnostics.com\/wp-content\/uploads\/2025\/10\/Bauer_Vortraege-768x659.webp 768w, https:\/\/www.bauer-diagnostics.com\/wp-content\/uploads\/2025\/10\/Bauer_Vortraege-600x515.webp 600w\" sizes=\"(max-width: 1000px) 100vw, 1000px\" \/>\t\t\t\t\t\t\t\t\t\t\t\t\t\t\t<\/div>\n\t\t\t\t<\/div>\n\t\t\t\t\t<\/div>\n\t\t<\/div>\n\t\t\t\t<div class=\"elementor-column elementor-col-50 elementor-top-column elementor-element elementor-element-193a077\" data-id=\"193a077\" data-element_type=\"column\" data-e-type=\"column\">\n\t\t\t<div class=\"elementor-widget-wrap elementor-element-populated\">\n\t\t\t\t\t\t<div class=\"elementor-element elementor-element-44685ab elementor-widget elementor-widget-heading\" data-id=\"44685ab\" data-element_type=\"widget\" data-e-type=\"widget\" data-widget_type=\"heading.default\">\n\t\t\t\t<div class=\"elementor-widget-container\">\n\t\t\t\t\t<h2 class=\"elementor-heading-title elementor-size-default\">Tapasztalja meg az inspir\u00e1l\u00f3 megl\u00e1t\u00e1sokat \u00e9s izgalmas perspekt\u00edv\u00e1kat - hagyja, hogy el\u0151ad\u00e1saim inspir\u00e1lj\u00e1k \u00f6nt!<\/h2>\t\t\t\t<\/div>\n\t\t\t\t<\/div>\n\t\t\t\t<div class=\"elementor-element elementor-element-a047646 elementor-widget__width-initial elementor-widget elementor-widget-text-editor\" data-id=\"a047646\" data-element_type=\"widget\" data-e-type=\"widget\" data-widget_type=\"text-editor.default\">\n\t\t\t\t<div class=\"elementor-widget-container\">\n\t\t\t\t\t\t\t\t\t<p><span style=\"color: #ff6600;\">Dr. med. Ferdinand Bauer<\/span> a radiol\u00f3giai diagnosztika szak\u00e9rt\u0151je, k\u00fcl\u00f6nb\u00f6z\u0151 szakkiadv\u00e1nyok szerz\u0151je, k\u00fcl\u00f6nb\u00f6z\u0151 szimp\u00f3ziumok elismert el\u0151ad\u00f3ja \u00e9s kezdem\u00e9nyez\u0151je. Akad\u00e9miai preszt\u00edzse kiemelked\u0151en fontos!<\/p>\n<p>A radiol\u00f3giai diagnosztika a leg\u00fajabb, k\u00f6lts\u00e9gig\u00e9nyes technol\u00f3gi\u00e1t\u00f3l \u00e9s alapos tapasztalatt\u00f3l f\u00fcgg. A technol\u00f3giai \u00faj\u00edt\u00e1sok a saj\u00e1t k\u00e9pess\u00e9geik \u00e9s tud\u00e1suk folyamatos b\u0151v\u00edt\u00e9s\u00e9t ig\u00e9nylik.<\/p>\n<p><span style=\"color: #ff6600;\">\u00c9lvezd az el\u0151ad\u00e1saimat!<\/span><\/p>\n\t\t\t\t\t\t\t\t<\/div>\n\t\t\t\t<\/div>\n\t\t\t\t\t<\/div>\n\t\t<\/div>\n\t\t\t\t\t<\/div>\n\t\t<\/section>\n\t\t\t\t<section class=\"elementor-section elementor-top-section elementor-element elementor-element-60340db elementor-section-boxed elementor-section-height-default elementor-section-height-default\" data-id=\"60340db\" data-element_type=\"section\" data-e-type=\"section\" data-settings=\"{&quot;jet_parallax_layout_list&quot;:[],&quot;background_background&quot;:&quot;classic&quot;}\">\n\t\t\t\t\t\t<div class=\"elementor-container elementor-column-gap-default\">\n\t\t\t\t\t<div class=\"elementor-column elementor-col-100 elementor-top-column elementor-element elementor-element-b772c3d\" data-id=\"b772c3d\" data-element_type=\"column\" data-e-type=\"column\">\n\t\t\t<div class=\"elementor-widget-wrap elementor-element-populated\">\n\t\t\t\t\t\t<div class=\"elementor-element elementor-element-36539fd elementor-widget elementor-widget-heading\" data-id=\"36539fd\" data-element_type=\"widget\" data-e-type=\"widget\" data-widget_type=\"heading.default\">\n\t\t\t\t<div class=\"elementor-widget-container\">\n\t\t\t\t\t<h1 class=\"elementor-heading-title elementor-size-default\">El\u0151ad\u00e1sok<\/h1>\t\t\t\t<\/div>\n\t\t\t\t<\/div>\n\t\t\t\t\t<\/div>\n\t\t<\/div>\n\t\t\t\t\t<\/div>\n\t\t<\/section>\n\t\t\t\t<\/div>\n\t\t","protected":false},"excerpt":{"rendered":"<p>El\u0151ad\u00e1sok radiol\u00f3giai diagnosztik\u00e1ban Tapasztalja meg az inspir\u00e1l\u00f3 megl\u00e1t\u00e1sokat \u00e9s izgalmas perspekt\u00edv\u00e1kat &#8211; hagyja, hogy el\u0151ad\u00e1saim inspir\u00e1lj\u00e1k \u00f6nt! Dr. med. Ferdinand Bauer a radiol\u00f3giai diagnosztika szak\u00e9rt\u0151je, k\u00fcl\u00f6nb\u00f6z\u0151 szakkiadv\u00e1nyok szerz\u0151je, k\u00fcl\u00f6nb\u00f6z\u0151 szimp\u00f3ziumok elismert el\u0151ad\u00f3ja \u00e9s kezdem\u00e9nyez\u0151je. Akad\u00e9miai preszt\u00edzse kiemelked\u0151en fontos! A radiol\u00f3giai diagnosztika a leg\u00fajabb, k\u00f6lts\u00e9gig\u00e9nyes technol\u00f3gi\u00e1t\u00f3l \u00e9s alapos tapasztalatt\u00f3l f\u00fcgg. A technol\u00f3giai \u00faj\u00edt\u00e1sok a saj\u00e1t k\u00e9pess\u00e9geik [&hellip;]<\/p>\n","protected":false},"author":1,"featured_media":0,"parent":0,"menu_order":4,"comment_status":"closed","ping_status":"closed","template":"page-templates\/fullwidth-content.php","meta":{"inline_featured_image":false,"footnotes":""},"class_list":["post-22285","page","type-page","status-publish","hentry"],"_links":{"self":[{"href":"https:\/\/www.bauer-diagnostics.com\/hu\/wp-json\/wp\/v2\/pages\/22285","targetHints":{"allow":["GET"]}}],"collection":[{"href":"https:\/\/www.bauer-diagnostics.com\/hu\/wp-json\/wp\/v2\/pages"}],"about":[{"href":"https:\/\/www.bauer-diagnostics.com\/hu\/wp-json\/wp\/v2\/types\/page"}],"author":[{"embeddable":true,"href":"https:\/\/www.bauer-diagnostics.com\/hu\/wp-json\/wp\/v2\/users\/1"}],"replies":[{"embeddable":true,"href":"https:\/\/www.bauer-diagnostics.com\/hu\/wp-json\/wp\/v2\/comments?post=22285"}],"version-history":[{"count":16,"href":"https:\/\/www.bauer-diagnostics.com\/hu\/wp-json\/wp\/v2\/pages\/22285\/revisions"}],"predecessor-version":[{"id":26388,"href":"https:\/\/www.bauer-diagnostics.com\/hu\/wp-json\/wp\/v2\/pages\/22285\/revisions\/26388"}],"wp:attachment":[{"href":"https:\/\/www.bauer-diagnostics.com\/hu\/wp-json\/wp\/v2\/media?parent=22285"}],"curies":[{"name":"wp","href":"https:\/\/api.w.org\/{rel}","templated":true}]}}